{"id":149,"date":"2021-03-09T18:06:42","date_gmt":"2021-03-09T17:06:42","guid":{"rendered":"http:\/\/saint-martin-des-champs78.eu\/?page_id=149"},"modified":"2026-03-28T10:05:51","modified_gmt":"2026-03-28T09:05:51","slug":"histoire","status":"publish","type":"page","link":"https:\/\/saint-martin-des-champs78.eu\/index.php\/le-village\/histoire\/","title":{"rendered":"Histoire"},"content":{"rendered":"\r\n<p style=\"text-align: right;\"><br \/><img loading=\"lazy\" decoding=\"async\" class=\"size-medium wp-image-181 aligncenter\" src=\"https:\/\/saint-martin-des-champs78.eu\/wp-content\/uploads\/2021\/03\/Histoire_4-300x193.jpg\" alt=\"\" width=\"300\" height=\"193\" srcset=\"https:\/\/saint-martin-des-champs78.eu\/wp-content\/uploads\/2021\/03\/Histoire_4-300x193.jpg 300w, https:\/\/saint-martin-des-champs78.eu\/wp-content\/uploads\/2021\/03\/Histoire_4.jpg 625w\" sizes=\"auto, (max-width: 300px) 100vw, 300px\" \/><\/p>\r\n<p><strong><span style=\"color: #ff6600;\">\u00c9POQUE ANCIENNE<\/span><br \/><br \/><\/strong>Sur Elleville ont \u00e9t\u00e9 trouv\u00e9s des haches et des outils en silex d\u2019origine n\u00e9olithique. Au XVIII\u00e8me si\u00e8cle sur le chemin de Corbeville fut d\u00e9gag\u00e9e une cache, sous une pierre plate, de plusieurs haches, ce qui permet d\u2019avancer une pr\u00e9sence Gauloise. Aussi, l\u2019\u00e9poque ancienne est marqu\u00e9e par le chemin romain qui coupe la commune en deux \u00ab\u00a0le grand chemin de Paris en Normandie\u00a0\u00bb. Enfin vers 1850 pr\u00e8s la chapelle Saint Prix fut d\u00e9couvert les restes de construction romaine et des tombeaux en pierre renfermant leurs squelettes arm\u00e9s.<\/p>\r\n\r\n\r\n\r\n\r\n\r\n<p><strong><span style=\"color: #ff6600;\">L\u2019ADMINISTRATION AVANT LA R\u00c9VOLUTION<\/span><em><br \/><br \/><\/em><\/strong>La paroisse est comme toutes les autres qui se d\u00e9limite avec l\u2019organisation religieuse vers le VIII\u00e8me et IX\u00e8me si\u00e8cle. Le nom de Saint Martin des Champs n\u2019apparaitra qu\u2019au XVI\u00e8me si\u00e8cle, avant il faut dire paroisse d\u2019Elleville, qui est d\u2019ailleurs le village principal de ladite paroisse.<\/p>\r\n<p style=\"text-align: left;\">&#8211; <em>administration religieuse\u00a0:<\/em><br \/>La paroisse est sur le dioc\u00e8se de Chartres, l\u2019archidiacon\u00e9 du Pincerais qui a la charge d\u2019introniser le chapelain d\u2019Elleville. Le premier cur\u00e9 de la paroisse ne sera l\u00e0 qu\u2019au milieu du XVI\u00e8me si\u00e8cle.<br \/>La paroisse est desservie par trois chapelles\u00a0:<br \/><br \/>&#8211; Chapelle de la Sainte Trinit\u00e9 de Saint Prix d\u2019Elleville, principal lieu sur la paroisse dont le seul nom de chapelain gard\u00e9 en m\u00e9moire avant le XVI\u00e8me si\u00e8cle est Jean DAGOBERT en 1415. Cette chapelle est suffisamment vaste pour recevoir toute la communaut\u00e9 d\u2019Elleville. Elle d\u00fbt \u00eatre ruin\u00e9e pendant la grande guerre et reconstruite au XV\u00e8me si\u00e8cle en plus petit. Cette chapelle est d\u00e9molie entre 1900 et 1914. Il y a quelques inhumations audit lieu, mais pas de cimeti\u00e8re semble-t-il.<br \/><img loading=\"lazy\" decoding=\"async\" class=\" wp-image-182 alignleft\" src=\"https:\/\/saint-martin-des-champs78.eu\/wp-content\/uploads\/2021\/03\/Histoire_1-230x300.jpg\" alt=\"\" width=\"242\" height=\"316\" srcset=\"https:\/\/saint-martin-des-champs78.eu\/wp-content\/uploads\/2021\/03\/Histoire_1-230x300.jpg 230w, https:\/\/saint-martin-des-champs78.eu\/wp-content\/uploads\/2021\/03\/Histoire_1.jpg 392w\" sizes=\"auto, (max-width: 242px) 100vw, 242px\" \/><br \/>&#8211; Chapelle Saint Martin, au milieu des champs qui sera transform\u00e9e en \u00e9glise paroissiale au milieu du XVI\u00e8me si\u00e8cle. Elle est rectangulaire plus petite que celle d\u2019Elleville avec probablement un cimeti\u00e8re attenant. Avec le temps cette chapelle prend plus d\u2019importance que celle d\u2019Elleville. C\u2019est ainsi qu\u2019\u00e0 la fin du XV\u00e8me si\u00e8cle le chapelain principal semble \u00eatre en cette dite chapelle. Entre 1557 et 1568 la chapelle est agrandie et construite telle qu\u2019on la connait aujourd\u2019hui.<br \/><a href=\"https:\/\/saint-martin-des-champs78.eu\/wp-content\/uploads\/2021\/03\/Liste-des-chapelains-et-cures.pdf\" target=\"_blank\" rel=\"noopener\">Liste des chapelains et cur\u00e9s<\/a><br \/><br \/>&#8211; Chapelle de Corbeville, probablement la plus petite des trois, elle est non loin du logis seigneurial de Corbeville. Elle devait \u00eatre priv\u00e9e et rel\u00e8ve du seigneur et non d\u2019un \u00e9tablissement. Il n\u2019y a pas de s\u00e9pulture en dedans ou en dehors de la chapelle. Mais il y a un chapelain entretenu par le seigneur. Elle est d\u00e9molie avant 1680.<br \/><a href=\"https:\/\/saint-martin-des-champs78.eu\/wp-content\/uploads\/2021\/03\/chapelain-corbeville.pdf\" target=\"_blank\" rel=\"noopener\">Liste des chapelains de Corbeville<\/a><\/p>\r\n\r\n\r\n\r\n\r\n\r\n\r\n\r\n\r\n\r\n\r\n\r\n\r\n\r\n\r\n\r\n\r\n\r\n<p>&#8211; <em>administration civile\u00a0:<br \/><\/em>La paroisse d\u2019Elleville est sur le Comt\u00e9 et bailliage de Montfort-L\u2019amaury \u00e0 la fronti\u00e8re du Comt\u00e9 et bailliage de Mantes, ce qui explique les mottes, les tours et travers (p\u00e9age). Le nom m\u00eame d\u2019Elleville venant de hel\u00a0(fronti\u00e8re, limite) et ville pour villa gallo-romaine. D\u2019ailleurs Elleville est r\u00e9guli\u00e8rement \u00e9crit aux temps anciens Hellevilla (la maison \u00e0 la fronti\u00e8re). Le Comt\u00e9 de Montfort appartient au Duch\u00e9 de Bretagne puis \u00e0 partir du d\u00e9but du XVI\u00e8me si\u00e8cle au Roi. Elleville est une pr\u00e9v\u00f4t\u00e9 qui gouverne en basse et moyenne justice les paroisses d\u2019Elleville, Goupilli\u00e8res, Osmoy, Thoiry, Villiers-le-Mahieu et Flexanville. La paroisse de Thoiry en sera distraite au XVI\u00e8me si\u00e8cle et celle d\u2019Hargeville ajout\u00e9e. Il y a un pr\u00e9v\u00f4t qui exerce sur toutes les paroisses cit\u00e9es ci-dessus. Le territoire se divise comme tous les autres en un d\u00e9coupage savant de fiefs et d\u2019arri\u00e8re-fiefs. Les deux principaux fiefs sont celui d\u2019Elleville et de Corbeville.<\/p>\r\n\r\n\r\n\r\n\r\n\r\n<p><span style=\"color: #ff6600;\"><strong>LES DEUX PRINCIPAUX FIEFS :<\/strong><\/span><\/p>\r\n<p><strong>AVANT LE XVI\u00e8me SI\u00c9CLE<\/strong><\/p>\r\n\r\n\r\n\r\n<p>&#8211; fief d\u2019Elleville,<\/p>\r\n\r\n\r\n\r\n<p>C\u2019est probablement un poste depuis l\u2019\u00e9poque romaine. Il y a une ferme seigneuriale et plusieurs logis de notables. Un moulin \u00e0 vent en bois install\u00e9 sur la motte castrale. Des auberges pour les voyageurs et les ivrognes du coin. Un march\u00e9 \u00e0 bestiaux cr\u00e9\u00e9 avant 1140. Seulement comme Louis IX a d\u00e9cid\u00e9 de d\u00e9placer ledit march\u00e9 \u00e0 Poissy, avant 1245, Elleville perdit son pouvoir et revenu tout en gardant son poste et l\u2019administration de quartier. C\u2019est pour cette raison qu\u2019il y a une disproportion entre l\u2019importance du village et celle de l\u2019administration audit lieu. Il ne reste de ce march\u00e9 que le lieudit \u00ab\u00a0le march\u00e9 aux vaches\u00a0\u00bb. A Elleville il y a un travers c\u2019est \u00e0 dire un p\u00e9age. Il existera jusqu\u2019\u00e0 la r\u00e9volution. La premi\u00e8re mention de ce travers est au XIII\u00e8me si\u00e8cle, mais il n\u2019est pas une erreur de l\u2019imaginer actif bien plus t\u00f4t. Il est sur la voie romaine au lieudit le Clos Poste.<\/p>\r\n\r\n\r\n\r\n<p>&#8211; fief de Corbeville,<\/p>\r\n\r\n\r\n\r\n<p>Ce nom veut dire la ferme des corbeaux, c\u2019est un fief simple sans justice qui d\u00e9pend d\u2019Elleville. Le seigneur de Corbeville est vassal du seigneur de Marcq qui est vassal du seigneur de Maintenon qui est vassal du Roi \u00e0 cause de son Duch\u00e9 de Chartres. C\u2019est un fief noble, c\u2019est \u00e0 dire avec colombier, pressoir, garenne etc\u2026<\/p>\r\n\r\n\r\n\r\n<p><strong>XVI\u00e8me SI\u00c8CLE<\/strong><\/p>\r\n\r\n\r\n\r\n<p>&#8211; fief d\u2019Elleville,<\/p>\r\n\r\n\r\n\r\n<p>Au cours de ce si\u00e8cle ce fief ne change gu\u00e8re. En revanche il est \u00e0 noter l\u2019existence d\u2019une \u00e9cole \u00e0 Elleville dite la grande \u00e9cole ou coll\u00e8ge. Sa date de cr\u00e9ation est inconnue. Elle se situe au grand carrefour du village. Cet \u00e9tablissement est tenu par un p\u00e9dagogue pour l\u2019enseignement des enfants de la paroisse. A la fin du si\u00e8cle d\u00e9but de l\u2019autre disparait la grande \u00e9cole d\u2019Elleville. Et enfin au milieu de ce si\u00e8cle progressivement la paroisse change de nom passant d\u2019Elleville \u00e0 Saint Martin d\u2019Elleville pour finir par Saint Martin des Champs.<\/p>\r\n\r\n\r\n\r\n<p>&#8211;\u00a0 fief de Corbeville,<\/p>\r\n\r\n\r\n\r\n<p>Jean de QUINCHEUX ach\u00e8te ce fief au MORAINVILLIERT. \u00c0 noter que Jean de QUINCHEUX est n\u00e9 vers 1465 est tr\u00e9pas vers 1565. Son fils Jacques de QUINCHEUX est occis par son voisin, seigneur de Pampou, en sortant de la messe \u00e0 Septeuil en 1546. Puis ses deux fils, Charles et Regnault les QUINCHEUX, occirent en juin 1550 un vigneron de Septeuil. La perforation d\u2019estomac est une pratique courante en cette \u00e9poque brutale. Bref, ils sont condamn\u00e9s \u00e0 mort par jugement \u00e0 Paris, car il ne faut pas tuer son prochain, m\u00eame si c\u2019est un roturier. Suite \u00e0 la forfaiture des fr\u00e8res les QUINCHEUX le fief de Corbeville est saisi au profit d\u2019Henri II sur la part d\u2019h\u00e9ritage des deux gar\u00e7ons. Le roi en fait don \u00e0 l\u2019un de ses courtisans, Denis DES FOSS\u00c9S. En 1551, Denis DES FOSS\u00c9S vend le fief de Corbeville \u00e0 Jean LE COQ, cur\u00e9 de Saint Eustache.<\/p>\r\n\r\n\r\n\r\n<p>C\u2019est Antoine LE COQ, fr\u00e8re du cur\u00e9, qui transforma la chapelle Saint Martin en \u00e9glise Paroissiale que l\u2019on voit encore aujourd\u2019hui. Il fait aussi construire le presbyt\u00e8re attenant \u00e0 l\u2019\u00e9glise. Et fait planter dans le cimeti\u00e8re un if toujours en place aujourd\u2019hui.<\/p>\r\n\r\n\r\n\r\n<p><strong>XVII\u00e8me si\u00e8cle<\/strong><\/p>\r\n\r\n\r\n\r\n<p>&#8211; fief de Corbeville<\/p>\r\n\r\n\r\n\r\n<p>Jacques LE COQ h\u00e9rite du fief de Corbeville au tr\u00e9pas de sa m\u00e8re en 1597. En 1619 Jacques obtient du Roi l\u2019autorisation de construire une maison avec tours et d\u00e9fenses entour\u00e9e de foss\u00e9. C\u2019est une construction type de l\u2019\u00e9poque Louis XIII en brique, pierre et ardoise.<\/p>\r\n\r\n\r\n\r\n<p>Jean LE COQ jeune homme ambitieux, avocat \u00e0 la cour de parlement va avoir une belle carri\u00e8re. Qu\u2019il commence en se mariant en f\u00e9vrier 1626 avec Anne BRO\u00c9 fille du pr\u00e9sident \u00e0 la chambre des requ\u00eates du parlement de Paris. Il construit une tuilerie \u00e0 Corbeville et probablement installation de la fl\u00e8che d\u2019ardoise sur le toit de l\u2019\u00e9glise. Fait installer l\u2019actuelle porte d\u2019honneur du ch\u00e2teau de Corbeville entre 1678 et 1680. L\u2019achat du fief d\u2019Elleville en 1631 \u00e0 l\u2019H\u00f4tel Dieu de Paris. Par donation en 1628 il constitue une rente pour l\u2019instruction gratuite des enfants de la paroisse et en 1672 fait construire de neuf un b\u00e2timent dit, coll\u00e8ge de Corbeville, pour l\u2019instruction gratuite des enfants de Saint Martin et Goupilli\u00e8res. En 1678 la seigneurie de Goupilli\u00e8res est \u00e9rig\u00e9e en Marquisat pour sa descendance m\u00e2le et femelle (dans le texte).<br \/><a href=\"https:\/\/saint-martin-des-champs78.eu\/wp-content\/uploads\/2021\/03\/Liste-des-proprietaires-du-college-de-corbeville.pdf\" target=\"_blank\" rel=\"noopener\">Liste des propri\u00e9taires du Coll\u00e8ge de Corbeville<\/a><\/p>\r\n\r\n\r\n\r\n<p><strong>XVIII\u00e8me SI\u00c9CLE avant 1789<\/strong><\/p>\r\n\r\n\r\n\r\n<p>&#8211; fief d\u2019Elleville<\/p>\r\n\r\n\r\n\r\n<p>Ce fief ne change pas dans sa composition. Il appartient depuis 1691 \u00e0 Anne Louise Reyne LE COQ chanoinesse de l\u2019insigne \u00e9glise de Poussay. Elle tr\u00e9passe en 1740 \u00e0 Paris. Elle fit restaurer l\u2019ensemble de la ferme d\u2019Elleville. Sont h\u00e9riti\u00e8res ses deux ni\u00e8ces.<br \/><a href=\"https:\/\/saint-martin-des-champs78.eu\/wp-content\/uploads\/2021\/03\/Liste-des-proprietaires-de-la-Ferme-elleville.pdf\" target=\"_blank\" rel=\"noopener\">Liste des propri\u00e9taires de la Ferme d&rsquo;Elleville<\/a><\/p>\r\n\r\n\r\n\r\n<p>&#8211; fief de Corbeville<\/p>\r\n\r\n\r\n\r\n<p>Le troisi\u00e8me Marquis de Goupilli\u00e8res, Jean Baptiste LE COQ tr\u00e9passe \u00e0 Corbeville en 1737 laissant suffisamment de dettes pour que sa veuve renonce \u00e0 la communaut\u00e9 entre \u00e9poux. Sa fille Marie Anne Louise h\u00e9rite du domaine LE COQ \u00e0 sa majorit\u00e9 en 1743. Elle se marie en septembre de cette m\u00eame ann\u00e9e avec Alexis LALLEMANT de MACQUELINE son cousin proche. Leur fils Alexis Fran\u00e7ois Gabriel LALLEMANT de MACQUELINE h\u00e9rite des fiefs de Goupilli\u00e8res, Elleville, Corbeville et les Porcherons \u00e0 Paris. Apr\u00e8s un inventaire de l\u2019\u00e9tat des lieux au ch\u00e2teau de Corbeville o\u00f9 les experts pr\u00e9conisent, par mesure d\u2019\u00e9conomie, de d\u00e9molir le ch\u00e2teau pour en reconstruire un autre plus moderne. Alexis d\u00e9cide de le restaurer. Alexis Fran\u00e7ois Gabriel LALLEMANT de MACQUELINE est le quatri\u00e8me Marquis de Goupilli\u00e8res. Il prit le titre, armes et devise de sa m\u00e8re. Maintenant, Alexis Fran\u00e7ois Gabriel s\u2019appelle LALLEMANT LE COQ. Il fut difficile pour l\u2019administration de comprendre que par ses lettres d\u2019anoblissement il peut se dire Marquis par sa m\u00e8re.<\/p>\r\n\r\n\r\n\r\n<p><strong>XVIII\u00e8me SI\u00c9CLE apr\u00e8s 1789<\/strong><\/p>\r\n\r\n\r\n\r\n<p>Ce qui a chang\u00e9 avec 1789 est que tout ce qui \u00e9tait n\u2019est plus, jusqu\u2019au calendrier. La paroisse est maintenant une commune, Martin des Champs (le Saint reviendra plus-tard), un maire \u00e9lu tous les ans avec les conseillers. L\u2019\u00e9glise faisant office de mairie. La nuit du 4 ao\u00fbt fait perdre tous les privil\u00e8ges du Marquis de Goupilli\u00e8res et son emploi au parlement. Disparaissent le p\u00e9age d\u2019Elleville, le notaire, le pr\u00e9v\u00f4t et les devoirs religieux. Alexis s\u2019appelle maintenant citoyen LALLEMANT LE COQ. Le seul bien saisi est le coll\u00e8ge de Corbeville. La libert\u00e9 se paye cher, suite aux restrictions, enr\u00f4lement de force dans les arm\u00e9es, les saisies de bl\u00e9 et autres, les habitants se r\u00e9voltent. La r\u00e9ponse de la r\u00e9publique est l\u2019arrestation du maire, Eloy DUHAMEL et quelques villageois, suivie d\u2019un passage par la guillotine \u00e0 Paris. Apr\u00e8s, plus personne ne s\u2019est plaint.<\/p>\r\n\r\n\r\n\r\n<p>En raison des exigences de la r\u00e9publique, de saisie de bl\u00e9 etc\u2026 l\u2019ensemble du parc de Corbeville est transform\u00e9 en terre labourable faisant perdre bassin et tout \u00e9l\u00e9ment qui garnit ordinairement un jardin de plaisance. L\u2019\u00e9glise a chang\u00e9 de fonction, c\u2019est la mairie. Presque tous les \u00e9l\u00e9ments religieux sont supprim\u00e9s\u00a0: les \u00e9pitaphes, les litres et blasons peints sur les murs. Les deux statues de pierre dans les niches du retable l\u2019une la Vierge Marie et l\u2019autre normalement Saint Martin. Disparaissent aussi les tables de la Loi et le tableau du retable. Tout \u00e9l\u00e9ment d\u2019argent, cuivre, \u00e9tain ou ferraille est offert \u00e0 la r\u00e9publique, 1793.<\/p>\r\n\r\n\r\n\r\n<p><img loading=\"lazy\" decoding=\"async\" class=\"wp-image-180 alignright\" src=\"https:\/\/saint-martin-des-champs78.eu\/wp-content\/uploads\/2021\/03\/Histoire_3-300x159.jpg\" alt=\"\" width=\"325\" height=\"172\" srcset=\"https:\/\/saint-martin-des-champs78.eu\/wp-content\/uploads\/2021\/03\/Histoire_3-300x159.jpg 300w, https:\/\/saint-martin-des-champs78.eu\/wp-content\/uploads\/2021\/03\/Histoire_3.jpg 605w\" sizes=\"auto, (max-width: 325px) 100vw, 325px\" \/><\/p>\r\n<p>La saisie du coll\u00e8ge de Corbeville en 1792 sur ordre du district qui consid\u00e8re qu\u2019il y a une \u00e9cole \u00e0 Septeuil et que par cons\u00e9quent les enfants de Martin des Champs et Goupilli\u00e8res n\u2019ont pas besoin d\u2019une \u00e9cole \u00e0 Corbeville. Pour la premi\u00e8re fois, depuis le XV\u00e8me si\u00e8cle environ, la commune n\u2019a plus d\u2019\u00e9tablissement scolaire. Le coll\u00e8ge est vendu en 1797 \u00e0 un bourgeois de Paris. La municipalit\u00e9 installe un instituteur en 1794 au presbyt\u00e8re.<br \/><a href=\"https:\/\/saint-martin-des-champs78.eu\/wp-content\/uploads\/2021\/03\/Liste-des-instituteurs.pdf\" target=\"_blank\" rel=\"noopener\">Liste des Instituteurs<\/a><\/p>\r\n\r\n\r\n\r\n<p><strong>XIX\u00e8me SI\u00c9CLE<\/strong><\/p>\r\n\r\n\r\n\r\n<p>Apr\u00e8s les troubles qui mirent \u00e0 bas l\u2019ancien ordre, il y a l\u2019installation du nouvel ordre. Avec la r\u00e9habilitation de l\u2019\u00e9glise, sa restauration et la remise en place des ustensiles n\u00e9cessaires au culte, 1801. Comme le presbyt\u00e8re fut vendu la commune loue une maison \u00e0 Saint Martin pour le desservant, 1802. Les cur\u00e9s habitent dans une portion du coll\u00e8ge. A partir de 1873 le cur\u00e9 de Saint Martin sera le m\u00eame qu\u2019\u00e0 Osmoy o\u00f9 il loge d\u00e9sormais.<\/p>\r\n\r\n\r\n\r\n<p>C\u2019est en 1856 qu\u2019est inaugur\u00e9e la nouvelle \u00e9cole avec la mairie et le logement du ma\u00eetre. Les premiers travaux ont commenc\u00e9 en 1846, dix ans de sacrifice budg\u00e9taire, pour cette petite commune, afin de retrouver une installation scolaire digne de sa tradition.<\/p>\r\n\r\n\r\n\r\n<p>Les seuls divertissements de ce si\u00e8cle et d\u00e9but de l\u2019autre, et qui furent largement diffus\u00e9s dans la presse nationale est l\u2019assassinat en 1853 \u00e0 Corbeville du p\u00e8re VERRIER par l\u2019amant de sa fille. Question d\u2019argent qui couta \u00e0 l\u2019assassin sa vie sur l\u2019\u00e9chafaud de Versailles et \u00e0 la commanditaire le bagne \u00e0 perp\u00e9tuit\u00e9. En ao\u00fbt 1893 l\u2019asphyxie de la famille R\u00c9GAUT, le p\u00e8re, la m\u00e8re et les quatre enfants. Ils habitent \u00e0 Elleville, ce drame devrait \u00eatre un suicide pour cause de dettes excessives et en novembre 1905 toujours \u00e0 Elleville le parricide du fils HAPPE en suite d\u2019une querelle avec son p\u00e8re.\u00a0\u00a0<\/p>\r\n\r\n\r\n\r\n<p>Depuis la fin du XVI\u00e8me si\u00e8cle la guerre n\u2019a point s\u00e9vi sur la commune. Il a fallu attendre 1870 avec l\u2019arriv\u00e9e du Prussien et des actes de violences sur les vaincus. Cette pr\u00e9sence s\u2019accompagne de r\u00e9quisition de chevaux, de paille, pommes de terre etc\u2026La commune devra loger 800 casques \u00e0 pointes et les nourrir. Dont 12 \u00e0 la ferme d\u2019Elleville, 9 chez le cur\u00e9 c\u2019est-\u00e0-dire au coll\u00e8ge, 25 \u00e0 la tuilerie et 100 d\u00e9ambulant au ch\u00e2teau.\u00a0\u00a0\u00a0<\/p>\r\n\r\n\r\n\r\n<p>Le quatri\u00e8me et dernier Marquis de Goupilli\u00e8res tr\u00e9passe en son ch\u00e2teau de Corbeville en 1841. A sa succession le domaine LE COQ est divis\u00e9. Le coll\u00e8ge de Corbeville revient \u00e0 Louis Adolphe PONSIGON neveu du Marquis. Le ch\u00e2teau et ferme d\u2019Elleville reviennent \u00e0 Agathe Genevi\u00e8ve de BROSSIN de M\u00c9R\u00c9, ni\u00e8ce du Marquis. A la succession de 1858 le ch\u00e2teau de Corbeville revient \u00e0 sa fille madame LE BAILLIF de MESNAGER apr\u00e8s tirage au sort et la ferme d\u2019Elleville \u00e0 son fils Louis Adolphe PONSIGNON d\u00e9j\u00e0 propri\u00e9taire du coll\u00e8ge. A cette \u00e9poque, 1882, la ferme du ch\u00e2teau est d\u00e9molie. Au d\u00e9c\u00e8s de madame LE BAILLIF de MESNAGER en 1886, le ch\u00e2teau revient en indivis aux quatre enfants. Des trois fr\u00e8res aucun ne se maria, seule la fille devenue madame LE FORESTIER a une descendance. Les trois portions sur Corbeville reviennent \u00e0 madame LE FORESTIER qui d\u00e9c\u00e8de en 1900. C\u2019est \u00e0 partir de 1873 que Louis Adolphe PONSIGNON entreprend les travaux d\u2019am\u00e9nagement au coll\u00e8ge pour en faire une r\u00e9sidence secondaire.<\/p>\r\n\r\n\r\n\r\n<p><strong>XX\u00e8me SI\u00c9CLE<\/strong><\/p>\r\n\r\n\r\n\r\n<p>En 1921 est cr\u00e9\u00e9e la soci\u00e9t\u00e9 agricole d\u2019\u00e9lectricit\u00e9 de la r\u00e9gion d\u2019Orgerus. Elle est n\u00e9e de la volont\u00e9 de plusieurs propri\u00e9taires de la r\u00e9gion, dont monsieur LE GUAY propri\u00e9taire du ch\u00e2teau de Corbeville. Cette installation apporta la lumi\u00e8re \u00e0 tous les \u00e9tages jusqu\u2019\u00e0 la moindre chaumine. En 1937 est r\u00e9alis\u00e9 le forage d\u2019un puit pour alimenter en eau potable la commune, mais il faudra attendre avant que toutes les maisons soient branch\u00e9es.<\/p>\r\n\r\n\r\n\r\n<p>La guerre 14\/18 ne permit pas aux Prussiens de venir jusqu\u2019ici au prix d\u2019un grand sacrifice d\u2019hommes et au courage des femmes. En revanche la guerre 39\/45 voit d\u00e9filer l\u2019allemand vainqueur. D\u2019ao\u00fbt \u00e0 octobre 42 les Allemands sont au ch\u00e2teau de Corbeville, des r\u00e9quisitions et vexations, en avril de nouveau les Allemands au ch\u00e2teau avec quelques d\u00e9g\u00e2ts sur les b\u00e2timents. En 44 des bombes s\u2019\u00e9garent sur la commune. En ao\u00fbt 44 d\u00e9part des Allemands par un c\u00f4t\u00e9 et arriv\u00e9e des Am\u00e9ricains par l\u2019autre.<\/p>\r\n\r\n\r\n\r\n<p>Le ch\u00e2teau de Corbeville est vendu 1920 par Gaston LE FORESTIER, dernier de la famille LE COQ au ch\u00e2teau.<br \/><br \/><img loading=\"lazy\" decoding=\"async\" class=\"size-medium wp-image-183 alignleft\" src=\"https:\/\/saint-martin-des-champs78.eu\/wp-content\/uploads\/2021\/03\/Histoire_2-300x161.jpg\" alt=\"\" width=\"300\" height=\"161\" srcset=\"https:\/\/saint-martin-des-champs78.eu\/wp-content\/uploads\/2021\/03\/Histoire_2-300x161.jpg 300w, https:\/\/saint-martin-des-champs78.eu\/wp-content\/uploads\/2021\/03\/Histoire_2.jpg 606w\" sizes=\"auto, (max-width: 300px) 100vw, 300px\" \/>Plusieurs propri\u00e9taires se succ\u00e8dent entre autres George HAVILLAND, industriel am\u00e9ricain, fabriquant des porcelaines Havilland \u00e0 Limoges. Jacques FATH, couturier, cette p\u00e9riode voit venir \u00e0 Corbeville le tout Paris avec des f\u00eates somptueuses. Apr\u00e8s quatre ann\u00e9es de f\u00eates Jacques FATH d\u00e9c\u00e8de. Il est inhum\u00e9 dans le parc du ch\u00e2teau. Au matin du 17 octobre 1955 le ch\u00e2teau est la proie des flammes. La moiti\u00e9 du ch\u00e2teau est enti\u00e8rement d\u00e9vast\u00e9. Pour trois ans G\u00e9rard LENORMAND, artiste de vari\u00e9t\u00e9. Actuellement le ch\u00e2teau appartient \u00e0 M et Mme Philippe VERGELY, industriel, qui ont refait dessiner le parterre \u00e0 la fran\u00e7aise avec son bassin et jet d\u2019eau.\u00a0<br \/><a href=\"https:\/\/saint-martin-des-champs78.eu\/wp-content\/uploads\/2021\/03\/Liste-des-proprietaires-du-chateau-de-Corbeville.pdf\" target=\"_blank\" rel=\"noopener\">Liste des propri\u00e8taires du Ch\u00e2teau de Corbeville<\/a><\/p>\r\n\r\n\r\n\r\n<p><a href=\"https:\/\/saint-martin-des-champs78.eu\/wp-content\/uploads\/2021\/03\/Liste-des-maires.pdf\" target=\"_blank\" rel=\"noopener\">Liste des Maires de Saint Martin des Champs<\/a><\/p>\r\n","protected":false},"excerpt":{"rendered":"<p>\u00c9POQUE ANCIENNE Sur Elleville ont \u00e9t\u00e9 trouv\u00e9s des haches et des outils en silex d\u2019origine n\u00e9olithique. Au XVIII\u00e8me si\u00e8cle sur le chemin de Corbeville fut d\u00e9gag\u00e9e une cache, sous une&#8230; <a href=\"https:\/\/saint-martin-des-champs78.eu\/index.php\/le-village\/histoire\/\">Read more &raquo;<\/a><\/p>\n","protected":false},"author":1,"featured_media":0,"parent":20,"menu_order":2,"comment_status":"closed","ping_status":"closed","template":"","meta":{"footnotes":""},"class_list":["post-149","page","type-page","status-publish","hentry"],"_links":{"self":[{"href":"https:\/\/saint-martin-des-champs78.eu\/index.php\/wp-json\/wp\/v2\/pages\/149","targetHints":{"allow":["GET"]}}],"collection":[{"href":"https:\/\/saint-martin-des-champs78.eu\/index.php\/wp-json\/wp\/v2\/pages"}],"about":[{"href":"https:\/\/saint-martin-des-champs78.eu\/index.php\/wp-json\/wp\/v2\/types\/page"}],"author":[{"embeddable":true,"href":"https:\/\/saint-martin-des-champs78.eu\/index.php\/wp-json\/wp\/v2\/users\/1"}],"replies":[{"embeddable":true,"href":"https:\/\/saint-martin-des-champs78.eu\/index.php\/wp-json\/wp\/v2\/comments?post=149"}],"version-history":[{"count":42,"href":"https:\/\/saint-martin-des-champs78.eu\/index.php\/wp-json\/wp\/v2\/pages\/149\/revisions"}],"predecessor-version":[{"id":2159,"href":"https:\/\/saint-martin-des-champs78.eu\/index.php\/wp-json\/wp\/v2\/pages\/149\/revisions\/2159"}],"up":[{"embeddable":true,"href":"https:\/\/saint-martin-des-champs78.eu\/index.php\/wp-json\/wp\/v2\/pages\/20"}],"wp:attachment":[{"href":"https:\/\/saint-martin-des-champs78.eu\/index.php\/wp-json\/wp\/v2\/media?parent=149"}],"curies":[{"name":"wp","href":"https:\/\/api.w.org\/{rel}","templated":true}]}}