{"id":196,"date":"2021-03-10T15:35:29","date_gmt":"2021-03-10T14:35:29","guid":{"rendered":"http:\/\/saint-martin-des-champs78.eu\/?page_id=196"},"modified":"2025-08-29T19:05:19","modified_gmt":"2025-08-29T17:05:19","slug":"urgences-sos","status":"publish","type":"page","link":"https:\/\/saint-martin-des-champs78.eu\/index.php\/informations-utiles\/urgences-sos\/","title":{"rendered":"Urgences &#8211; SOS"},"content":{"rendered":"\r\n<p>SAMU 78 :\u00a015 (112 sur un portable)\u00a0\u200b<\/p>\r\n\r\n\r\n\r\n<p>SAPEURS-POMPIERS :\u00a018 (112 sur un portable)\u200b<\/p>\r\n\r\n\r\n\r\n<p>POLICE SECOURS :\u00a017 (112 sur un portable)\u00a0\u200b<\/p>\r\n\r\n\r\n\r\n<p>CENTRE ANTIPOISON (24h\/24 et 7j\/7) :\u00a001 40 05 48 48\u200b<\/p>\r\n\r\n\r\n\r\n<p>URGENCES PEDIATRIQUES\u00a0 (24h\/24)\u200b<\/p>\r\n\r\n\r\n\r\n<p>&#8211; Centre Hospitalier Intercommunal \u2013 10 rue du Champ Gaillard \u2013 78300 Poissy:\u00a0\u00a001 39 27 55 91\u00a0\u200b<\/p>\r\n\r\n\r\n\r\n<p>URGENCES MAINS (24h\/24):\u200b<\/p>\r\n\r\n\r\n\r\n<p>H\u00f4pital Priv\u00e9 de l\u2019Ouest Parisien &#8211; 14 rue Castiglione\u00a0del\u00a0Lago \u2013 78190 Trappes :\u00a001 30 69 45 13\u200b<\/p>\r\n\r\n\r\n\r\n<p>Centre Hospitalier priv\u00e9 de\u00a0Montgard\u00e9\u00a0\u2013 32 rue de\u00a0Montgard\u00e9\u00a0\u2013 78410 Aubergenville :\u00a00810 015 015 ou\u00a001 30 95 12 20\u200b<\/p>\r\n\r\n\r\n\r\n<p>URGENCES OPHTAMOLOGIQUES : \u200b<\/p>\r\n\r\n\r\n\r\n<p>&#8211; Pole Ophtalmologique de Saint-Quentin en Yvelines 78180 Montigny le Bretonneux : Lundi au dimanche &#8211; 8h30-12h30 et 14h00-18h00 &#8211; sans rdv pour les urgences<\/p>\r\n<p>&#8211; H\u00f4pital Rothschild, 29 rue Manin, 75019 Paris &#8211; Lundi au Vendredi de 7h \u00e0 19h \u00a0et 27 rue Manin, 75019 paris &#8211; Soir, week-end et jours f\u00e9ri\u00e9s de 19h \u00e0 7h : 01 48 03 68 84\u00a0<\/p>\r\n<p>&#8211; H\u00f4tel-Dieu, rue d\u2019Arcole 75004 Paris : 01 42 34 80 36 ou 01 42 34 82 34\u200b (24h\/24 et 7j\/7)<\/p>\r\n\r\n\r\n\r\n<p>&#8211; H\u00f4pital National d\u2019Ophtalmologie 28, rue de Charenton PARIS 12 : 01 40 02 15 20 (24h\/24 et 7j\/7)<\/p>\r\n\r\n\r\n\r\n\r\n\r\n<p>&nbsp;<\/p>\r\n\r\n\r\n\r\n<p>SOS\u00a0Viols :\u00a00 800 05 95 95\u00a0(n\u00b0 gratuit et anonyme)\u200b\u200b<\/p>\r\n\r\n\r\n\r\n<p>Violences femmes Info :\u00a039 19\u00a0(n\u00b0 gratuit et anonyme, victime ou t\u00e9moin)\u200b\u200b<\/p>\r\n\r\n\r\n\r\n<p>Enfance maltrait\u00e9e :\u00a0119\u00a0(n\u00b0 gratuit et anonyme)\u200b\u200b<\/p>\r\n<p>Net \u00e9coute : 30 18 (Service, appel gratuit et anonyme contre les violences num\u00e9riques)<\/p>\r\n\r\n\r\n\r\n<p>Drogues alcool tabac info service\u00a0:\u00a0113\u00a0\u00a0(n\u00b0 gratuit et anonyme)\u200b\u200b<\/p>\r\n\r\n\r\n\r\n<p>SOS Suicide \u00e9coute :\u00a001 45 39 40 00\u00a0(7j\/7, 24h\/24)\u200b\u200b<\/p>\r\n\r\n\r\n\r\n<p>Sida Info Service :\u00a00 800 840 800\u00a0(n\u00b0 gratuit et anonyme)\u200b\u200b<\/p>\r\n\r\n\r\n\r\n<p>SOS Amiti\u00e9 :\u00a001 42 96 26 26\u00a0(Paris)\u200b\u200b<\/p>\r\n\r\n\r\n\r\n<p>SOS Hommes battus :\u00a009 51 73 44 94\u200b\u200b<\/p>\r\n\r\n\r\n\r\n<p>SOS Solitude :\u00a002 62 97 00 00\u200b<\/p>\r\n","protected":false},"excerpt":{"rendered":"<p>SAMU 78 :\u00a015 (112 sur un portable)\u00a0\u200b SAPEURS-POMPIERS :\u00a018 (112 sur un portable)\u200b POLICE SECOURS :\u00a017 (112 sur un portable)\u00a0\u200b CENTRE ANTIPOISON (24h\/24 et 7j\/7) :\u00a001 40 05 48 48\u200b&#8230; <a href=\"https:\/\/saint-martin-des-champs78.eu\/index.php\/informations-utiles\/urgences-sos\/\">Read more &raquo;<\/a><\/p>\n","protected":false},"author":1,"featured_media":0,"parent":205,"menu_order":0,"comment_status":"closed","ping_status":"closed","template":"","meta":{"footnotes":""},"class_list":["post-196","page","type-page","status-publish","hentry"],"_links":{"self":[{"href":"https:\/\/saint-martin-des-champs78.eu\/index.php\/wp-json\/wp\/v2\/pages\/196","targetHints":{"allow":["GET"]}}],"collection":[{"href":"https:\/\/saint-martin-des-champs78.eu\/index.php\/wp-json\/wp\/v2\/pages"}],"about":[{"href":"https:\/\/saint-martin-des-champs78.eu\/index.php\/wp-json\/wp\/v2\/types\/page"}],"author":[{"embeddable":true,"href":"https:\/\/saint-martin-des-champs78.eu\/index.php\/wp-json\/wp\/v2\/users\/1"}],"replies":[{"embeddable":true,"href":"https:\/\/saint-martin-des-champs78.eu\/index.php\/wp-json\/wp\/v2\/comments?post=196"}],"version-history":[{"count":6,"href":"https:\/\/saint-martin-des-champs78.eu\/index.php\/wp-json\/wp\/v2\/pages\/196\/revisions"}],"predecessor-version":[{"id":2066,"href":"https:\/\/saint-martin-des-champs78.eu\/index.php\/wp-json\/wp\/v2\/pages\/196\/revisions\/2066"}],"up":[{"embeddable":true,"href":"https:\/\/saint-martin-des-champs78.eu\/index.php\/wp-json\/wp\/v2\/pages\/205"}],"wp:attachment":[{"href":"https:\/\/saint-martin-des-champs78.eu\/index.php\/wp-json\/wp\/v2\/media?parent=196"}],"curies":[{"name":"wp","href":"https:\/\/api.w.org\/{rel}","templated":true}]}}