{"id":209,"date":"2021-03-10T15:47:12","date_gmt":"2021-03-10T14:47:12","guid":{"rendered":"http:\/\/saint-martin-des-champs78.eu\/?page_id=209"},"modified":"2021-07-05T12:20:38","modified_gmt":"2021-07-05T10:20:38","slug":"social","status":"publish","type":"page","link":"https:\/\/saint-martin-des-champs78.eu\/index.php\/informations-utiles\/social\/","title":{"rendered":"Social"},"content":{"rendered":"\r\n<p><strong>CAF\u200b<br \/><\/strong>1 rue La Fontaine\u00a078200 Mantes-la-Jolie<br \/>T\u00e9l\u00e9phone\u00a0:\u00a03230 (service gratuit + prix appel)<br \/>Site officiel :\u00a0\u200b<a href=\"http:\/\/www.caf.fr\" target=\"_blank\" rel=\"noopener\">caf.fr<\/a><br \/>Informations sur l\u2019agence de Mantes-la-Jolie (horaires, acc\u00e8s, \u2026)\u00a0:\u00a0<a href=\"http:\/\/www.caf.fr\/allocataires\/caf-des-yvelines\/points-d-accueil\/mantes-la-jolie\" target=\"_blank\" rel=\"noreferrer noopener\">caf.fr\/allocataires\/caf-des-yvelines\/points-d-accueil\/mantes-la-jolie<\/a><\/p>\r\n\r\n\r\n\r\n\r\n\r\n<p><strong>CPAM (Caisse d\u2019Assurance Maladie)\u200b<\/strong><br \/>Adresse postale :\u00a078085 Yvelines cedex 9\u200b<br \/>T\u00e9l\u00e9phone :\u00a036 46 du lundi au vendredi de 8h30 \u00e0 17h30.<br \/>Depuis l\u2019\u00e9tranger, composez le +33 811 70 3646\u00a0(tarif variable selon l\u2019op\u00e9rateur t\u00e9l\u00e9phonique)\u200b<br \/>Site :\u00a0<a href=\"http:\/\/www.ameli.fr\/assures\/votre-caisse-yvelines\/nous-contacter\/par-courrier_yvelines.php\">ameli.fr\/yvelines\/assure\/adresses-et-contacts<\/a><\/p>\r\n\r\n\r\n\r\n\r\n\r\n<p>&nbsp;<\/p>\r\n<p><strong>YVELINES LE DEPARTEMENT<br \/><\/strong><\/p>\r\n<p><strong>Territoire d&rsquo;Action\u00a0<\/strong><strong>D\u00e9partementale Terres d&rsquo;Yvelines<br \/><\/strong><b>P\u00f4le de proximit\u00e9 d\u2019HOUDAN<br \/><\/b>7 rue du Pot d\u2019Etain \u2013 78550 HOUDAN\u200b<br \/>T\u00e9l :\u00a001 30 46 82 00<br \/><strong><u>du lundi au jeudi de 8h30 \u00e0 12h30 et de 13h30 \u00e0 17h30\u00a0<\/u><\/strong><\/p>\r\n<p>\r\n\r\n\r\n\r\n<\/p>\r\n<p><strong>Assistante Sociale du d\u00e9partement des Yvelines<\/strong> &#8211;\u00a0Mme Lydie\u00a0Gidet\u200b<br \/>Secteur d\u2019action sociale de Montfort l\u2019Amaury \u2013 Houdan\u200b<br \/>T\u00e9l (prise de rendez-vous)\u00a0:\u00a001 30 83 68 36\u200b<br \/>Permanence \u00e0 Orgerus les mardi\u00a0\u00e0 partir de 9h15\u00a0(sur rendez-vous)\u200b<\/p>\r\n<p>Un accueil \u00ab\u00a0<strong>Solidarit\u00e9s Yvelines Accueil<\/strong>\u00a0\u00bb est assur\u00e9\u00a0<strong>du lundi au vendredi<\/strong>\u00a0sur le p\u00f4le de proximit\u00e9 d&rsquo;Houdan\u00a0<strong><u>de 8h30 \u00e0 12h30 et de 13h30 \u00e0 17h30 (sauf le vendredi 16h30)\u00a0<\/u><\/strong>pour r\u00e9pondre \u00e0 toutes demandes d\u2019informations et prises de\u00a0rendez-vous avec un professionnel.<\/p>\r\n\r\n\r\n\r\n\r\n\r\n<p><strong><br \/>R.I.A.M\u00a0 Relais Intercommunal d\u2019Assistantes Maternelles<\/strong><br \/>Mme\u00a0Cettour\u200b<br \/>9 rue du Ch\u00e2teau HOUDAN\u200b<br \/>T\u00e9l :\u00a001 30 59 70 38\u200b<br \/>Permanence le lundi, mardi, jeudi, vendredi de 13H15 \u00e0 16H30, le mercredi de 8H30 \u00e0 12H00\u200b<br \/>Prendre imp\u00e9rativement un rendez-vous au : 01 30 59 70 38<\/p>\r\n","protected":false},"excerpt":{"rendered":"<p>CAF\u200b1 rue La Fontaine\u00a078200 Mantes-la-JolieT\u00e9l\u00e9phone\u00a0:\u00a03230 (service gratuit + prix appel)Site officiel :\u00a0\u200bcaf.frInformations sur l\u2019agence de Mantes-la-Jolie (horaires, acc\u00e8s, \u2026)\u00a0:\u00a0caf.fr\/allocataires\/caf-des-yvelines\/points-d-accueil\/mantes-la-jolie CPAM (Caisse d\u2019Assurance Maladie)\u200bAdresse postale :\u00a078085 Yvelines cedex 9\u200bT\u00e9l\u00e9phone :\u00a036 46&#8230; <a href=\"https:\/\/saint-martin-des-champs78.eu\/index.php\/informations-utiles\/social\/\">Read more &raquo;<\/a><\/p>\n","protected":false},"author":1,"featured_media":0,"parent":205,"menu_order":1,"comment_status":"closed","ping_status":"closed","template":"","meta":{"footnotes":""},"class_list":["post-209","page","type-page","status-publish","hentry"],"_links":{"self":[{"href":"https:\/\/saint-martin-des-champs78.eu\/index.php\/wp-json\/wp\/v2\/pages\/209","targetHints":{"allow":["GET"]}}],"collection":[{"href":"https:\/\/saint-martin-des-champs78.eu\/index.php\/wp-json\/wp\/v2\/pages"}],"about":[{"href":"https:\/\/saint-martin-des-champs78.eu\/index.php\/wp-json\/wp\/v2\/types\/page"}],"author":[{"embeddable":true,"href":"https:\/\/saint-martin-des-champs78.eu\/index.php\/wp-json\/wp\/v2\/users\/1"}],"replies":[{"embeddable":true,"href":"https:\/\/saint-martin-des-champs78.eu\/index.php\/wp-json\/wp\/v2\/comments?post=209"}],"version-history":[{"count":14,"href":"https:\/\/saint-martin-des-champs78.eu\/index.php\/wp-json\/wp\/v2\/pages\/209\/revisions"}],"predecessor-version":[{"id":961,"href":"https:\/\/saint-martin-des-champs78.eu\/index.php\/wp-json\/wp\/v2\/pages\/209\/revisions\/961"}],"up":[{"embeddable":true,"href":"https:\/\/saint-martin-des-champs78.eu\/index.php\/wp-json\/wp\/v2\/pages\/205"}],"wp:attachment":[{"href":"https:\/\/saint-martin-des-champs78.eu\/index.php\/wp-json\/wp\/v2\/media?parent=209"}],"curies":[{"name":"wp","href":"https:\/\/api.w.org\/{rel}","templated":true}]}}