{"id":24,"date":"2021-03-04T19:12:59","date_gmt":"2021-03-04T18:12:59","guid":{"rendered":"http:\/\/saint-martin-des-champs78.eu\/?page_id=24"},"modified":"2026-03-27T09:10:49","modified_gmt":"2026-03-27T08:10:49","slug":"demarches-administratives","status":"publish","type":"page","link":"https:\/\/saint-martin-des-champs78.eu\/index.php\/page-d-exemple\/demarches-administratives\/","title":{"rendered":"D\u00e9marches Administratives"},"content":{"rendered":"\r\n<p>N\u2019h\u00e9sitez pas \u00e0 consulter le site \u00ab\u00a0<a href=\"https:\/\/www.service-public.fr\/\" target=\"_blank\" rel=\"noreferrer noopener\">www.service-public.fr<\/a>\u00a0\u00bb, site officiel de l\u2019administration Fran\u00e7aise.<br \/>Il vous permet de connaitre vos droits et d\u2019effectuer vos d\u00e9marches administratives.<\/p>\r\n<p><span style=\"color: #ff6600;\"><strong>PASSEPORT<\/strong><\/span><br \/><a href=\"https:\/\/www.service-public.fr\/particuliers\/vosdroits\/N360\" target=\"_blank\" rel=\"noopener\">https:\/\/www.service-public.fr\/particuliers\/vosdroits\/N360<\/a><\/p>\r\n<p><span style=\"color: #ff6600;\"><strong>CARTE NATIONALE D&rsquo;IIDENTITE<\/strong><\/span><br \/><a href=\"https:\/\/www.service-public.fr\/particuliers\/vosdroits\/N358\" target=\"_blank\" rel=\"noopener\">https:\/\/www.service-public.fr\/particuliers\/vosdroits\/N358<\/a><br \/><br \/><span style=\"color: #ff6600;\"><strong>ACTE DE NAISSANCE<\/strong><\/span><br \/><a href=\"https:\/\/www.service-public.fr\/particuliers\/vosdroits\/F1427\" target=\"_blank\" rel=\"noopener\">https:\/\/www.service-public.fr\/particuliers\/vosdroits\/F1427<\/a><\/p>\r\n<p><span style=\"color: #ff6600;\"><strong>ACTE DE MARIAGE<\/strong><\/span><br \/><a href=\"https:\/\/www.service-public.fr\/particuliers\/vosdroits\/F1432\" target=\"_blank\" rel=\"noopener\">https:\/\/www.service-public.fr\/particuliers\/vosdroits\/F1432<\/a><\/p>\r\n<p><span style=\"color: #ff6600;\"><strong>ACTE DE DECES<\/strong><\/span><br \/><a href=\"https:\/\/www.service-public.fr\/particuliers\/vosdroits\/F1444\" target=\"_blank\" rel=\"noopener\">https:\/\/www.service-public.fr\/particuliers\/vosdroits\/F1444<\/a><\/p>\r\n<p><span style=\"color: #ff6600;\"><strong>SERVICES EN LIGNE<\/strong><\/span><br \/><a href=\"https:\/\/www.service-public.gouv.fr\/particuliers\/vosdroits\/demarches-et-outils\">https:\/\/www.service-public.gouv.fr\/particuliers\/vosdroits\/demarches-et-outils<\/a><\/p>\r\n\r\n\r\n\r\n\r\n\r\n<p><strong><span style=\"color: #ff6600;\">RECENSEMENT DES JEUNES<\/span><\/strong><br \/>Les jeunes gar\u00e7ons et filles doivent se faire recenser en mairie d\u00e8s leur 16\u00e8me anniversaire.<br \/>Soit en mairie : se munir du livret de famille et d\u2019une pi\u00e8ce d\u2019identit\u00e9.<br \/>Soit en ligne :\u00a0<a href=\"https:\/\/www.service-public.fr\/particuliers\/vosdroits\/R2054\" target=\"_blank\" rel=\"noopener\">Inscription en ligne<\/a><br \/><br \/><strong><span style=\"color: #ff6600;\">LISTES ELECTORALES<\/span><br \/><\/strong>Depuis 2019, il est possible de s&rsquo;inscrire sur les listes \u00e9lectorales toute l&rsquo;ann\u00e9e. Toutefois pour pouvoir voter lors d&rsquo;une ann\u00e9e d&rsquo;\u00e9lection, il faut accomplir cette d\u00e9marche au plus tard le 6\u00e8me vendredi pr\u00e9c\u00e9dant le 1er tour de scrutin.<br \/>Les d\u00e9marches sont \u00e0 effectuer sur :\u00a0<a href=\"https:\/\/www.service-public.fr\/particuliers\/vosdroits\/N47\" target=\"_blank\" rel=\"noopener\">https:\/\/www.service-public.fr\/particuliers\/vosdroits\/N47<\/a> ou en mairie.\u00a0<br \/><br \/>Pour v\u00e9rifier qu\u2019on est bien inscrit sur la liste \u00e9lectorale de la commune cliquez sur le lien suivant\u00a0:\u00a0<a href=\"https:\/\/www.service-public.fr\/particuliers\/vosdroits\/R51788\" target=\"_blank\" rel=\"noopener\">https:\/\/www.service-public.fr\/particuliers\/vosdroits\/R51788<\/a><br \/><br \/>Il est rappel\u00e9 que les jeunes de 18 ans sont inscrits d\u2019office gr\u00e2ce au recensement militaire qu&rsquo;ils ont fait \u00e0 16 ans sur la commune.<\/p>\r\n\r\n\r\n\r\n<p><strong><span style=\"color: #ff6600;\">VOTE PAR PROCURATION<\/span><br \/><\/strong>Vous allez \u00eatre\u00a0absent\u00a0le\u00a0jour du vote\u00a0d\u2019une \u00e9lection\u00a0? Vous pouvez\u00a0charger\u00a0un\u00a0\u00e9lecteur\u00a0de voter\u00a0\u00e0 votre place\u00a0dans\u00a0votre bureau de vote. Pour cela, vous devez faire une\u00a0procuration\u00a0de vote. Faire cette d\u00e9marche\u00a0au plus t\u00f4t\u00a0vous assure de pouvoir voter par procuration le jour du vote. La situation varie selon que vous faites la d\u00e9marche\u00a0en France\u00a0ou\u00a0\u00e0 l\u2019\u00e9tranger.<\/p>\r\n<p><a href=\"https:\/\/www.service-public.gouv.fr\/particuliers\/vosdroits\/F1604\">Vote par procuration | Service Public<\/a><\/p>\r\n\r\n\r\n\r\n\r\n\r\n\r\n\r\n<p><span style=\"color: #ff6600;\"><strong>STRUCTURE FRANCE SERVICES<\/strong><br \/><\/span>France Services est un guichet unique qui donne acc\u00e8s dans un seul et m\u00eame lieu aux principaux organismes de services publics :\u00a0CAF, France Titres, Assurance retraite, Assurance Maladie, Ch\u00e8que \u00e9nergie, Finances publiques, France Travail, France R\u00e9nov\u2019, La Poste, Urssaf, MSA, et point-justice.<br \/>Que vous ayez besoin de conseils pour vos d\u00e9marches administratives ou besoin d\u2019aide pour l\u2019utilisation d\u2019un service num\u00e9rique, vous pouvez vous rendre dans nos \u00e9tablissements France services.<\/p>\r\n<div>\r\n<div>\r\n<p><strong>France services La Passerelle \u00e0 Houdan<\/strong><br \/>Vous accueille du lundi au vendredi de 9h \u00e0 12h et de 13h30 \u00e0 17h<br \/>T\u00e9l\u00a0: 01 30 41 65 10<br \/>Mail\u00a0:\u00a0<a href=\"mailto:franceservices.houdan@cc-payshoudanais.fr\">franceservices.houdan@cc-payshoudanais.fr<\/a><br \/>Adresse : 31, rue d\u2019Epernon 78550 HOUDAN<\/p>\r\n<\/div>\r\n<\/div>\r\n<div>\r\n<p><strong>France services \u00e0 Septeuil<\/strong><br \/>Vous accueille du lundi au vendredi de 9h \u00e0 12h et de13h30 \u00e0 16h45<br \/>T\u00e9l\u00a0: 01 30 94 73 67<br \/>Mail\u00a0:\u00a0<a href=\"mailto:franceservices.septeuil@cc-payshoudanais.fr\">franceservices.septeuil@cc-payshoudanais.fr<\/a><br \/>Adresse\u00a0: 1 rue Maurice Cl\u00e9ret 78790 SEPTEUIL<\/p>\r\n<p><strong>France service \u00e0 Thoiry<\/strong><br \/>T\u00e9l : 01 34 94 77 43<br \/>Mail : <a href=\"mailto:thoiry@france-services.gouv.fr\">thoiry@france-services.gouv.fr<\/a><br \/>Adresse : 1 Place de la Fontaine 78770 THOIRY\u00a0<\/p>\r\n<p><a href=\"https:\/\/www.cc-payshoudanais.fr\/gerer-le-quotidien\/maisons-des-services-publics\/\" target=\"_blank\" rel=\"noopener\">https:\/\/www.cc-payshoudanais.fr\/fr\/vivre-et-s-installer\/services-publics.html<\/a><\/p>\r\n<\/div>\r\n\r\n\r\n\r\n\r\n\r\n\r\n","protected":false},"excerpt":{"rendered":"<p>N\u2019h\u00e9sitez pas \u00e0 consulter le site \u00ab\u00a0www.service-public.fr\u00a0\u00bb, site officiel de l\u2019administration Fran\u00e7aise.Il vous permet de connaitre vos droits et d\u2019effectuer vos d\u00e9marches administratives. PASSEPORThttps:\/\/www.service-public.fr\/particuliers\/vosdroits\/N360 CARTE NATIONALE D&rsquo;IIDENTITEhttps:\/\/www.service-public.fr\/particuliers\/vosdroits\/N358 ACTE DE NAISSANCEhttps:\/\/www.service-public.fr\/particuliers\/vosdroits\/F1427&#8230; <a href=\"https:\/\/saint-martin-des-champs78.eu\/index.php\/page-d-exemple\/demarches-administratives\/\">Read more &raquo;<\/a><\/p>\n","protected":false},"author":1,"featured_media":0,"parent":2,"menu_order":1,"comment_status":"closed","ping_status":"closed","template":"","meta":{"footnotes":""},"class_list":["post-24","page","type-page","status-publish","hentry"],"_links":{"self":[{"href":"https:\/\/saint-martin-des-champs78.eu\/index.php\/wp-json\/wp\/v2\/pages\/24","targetHints":{"allow":["GET"]}}],"collection":[{"href":"https:\/\/saint-martin-des-champs78.eu\/index.php\/wp-json\/wp\/v2\/pages"}],"about":[{"href":"https:\/\/saint-martin-des-champs78.eu\/index.php\/wp-json\/wp\/v2\/types\/page"}],"author":[{"embeddable":true,"href":"https:\/\/saint-martin-des-champs78.eu\/index.php\/wp-json\/wp\/v2\/users\/1"}],"replies":[{"embeddable":true,"href":"https:\/\/saint-martin-des-champs78.eu\/index.php\/wp-json\/wp\/v2\/comments?post=24"}],"version-history":[{"count":27,"href":"https:\/\/saint-martin-des-champs78.eu\/index.php\/wp-json\/wp\/v2\/pages\/24\/revisions"}],"predecessor-version":[{"id":2117,"href":"https:\/\/saint-martin-des-champs78.eu\/index.php\/wp-json\/wp\/v2\/pages\/24\/revisions\/2117"}],"up":[{"embeddable":true,"href":"https:\/\/saint-martin-des-champs78.eu\/index.php\/wp-json\/wp\/v2\/pages\/2"}],"wp:attachment":[{"href":"https:\/\/saint-martin-des-champs78.eu\/index.php\/wp-json\/wp\/v2\/media?parent=24"}],"curies":[{"name":"wp","href":"https:\/\/api.w.org\/{rel}","templated":true}]}}