{"id":242,"date":"2021-03-11T18:56:31","date_gmt":"2021-03-11T17:56:31","guid":{"rendered":"http:\/\/saint-martin-des-champs78.eu\/?page_id=242"},"modified":"2026-04-17T16:24:17","modified_gmt":"2026-04-17T14:24:17","slug":"plu","status":"publish","type":"page","link":"https:\/\/saint-martin-des-champs78.eu\/index.php\/vie-locale\/plu\/","title":{"rendered":"Urbanisme"},"content":{"rendered":"\r\n<div>\r\n<p><span style=\"color: #ff6600;\"><strong>Quelle autorisation d&rsquo;urbanisme est n\u00e9cessaire pour votre projet ?<br \/><br \/><\/strong><\/span><strong>Construction, am\u00e9nagement, agrandissement\u00a0<\/strong><span style=\"color: #ff6600;\"><strong><br \/><\/strong><\/span><\/p>\r\n<p><img decoding=\"async\" style=\"font-size: 1rem;\" src=\"https:\/\/www.boncourt-28.fr\/medias\/images\/schema-urbanisme2-2.jpg?v=1\" alt=\"Schema urbanisme2 2\" \/><\/p>\r\n<p><strong>Un PLU (plan local d\u2019urbanisme) r\u00e9git l\u2019urbanisme de la commune. Il est important de le consulter avant l\u2019\u00e9laboration de vos projets.<\/strong><\/p>\r\n<p><span style=\"color: #ff6600;\"><strong>R\u00e8glement\u200b\u00a0PLU du 4 octobre 2018 avec\u00a0modification\u00a0simplifi\u00e9e du 14 d\u00e9cembre 2021<\/strong><\/span><br \/><a href=\"https:\/\/saint-martin-des-champs78.eu\/wp-content\/uploads\/2022\/01\/reglement-PLU-approuve-04-10-2018-modif-simp-14-12-2021.pdf\" target=\"_blank\" rel=\"noopener\">Cliquez ici<\/a><\/p>\r\n<\/div>\r\n<div>\r\n<p><strong><span style=\"color: #ff6600;\">Plan de zonage 5000<\/span><\/strong><br \/><a href=\"https:\/\/saint-martin-des-champs78.eu\/wp-content\/uploads\/2022\/01\/Zonage-5000-PLU-St-Martin-modif-simp-14-12-2021.pdf\" target=\"_blank\" rel=\"noopener\">Cliquez ici<\/a><br \/><br \/><strong><span style=\"color: #ff6600;\">Plan de zonage 2500<\/span><\/strong><br \/><a href=\"https:\/\/saint-martin-des-champs78.eu\/wp-content\/uploads\/2022\/01\/Zonage-2500-PLU-St-Martin-modif-simp-14-12-2021.pdf\" target=\"_blank\" rel=\"noopener\">Cliquez ici<\/a><\/p>\r\n<hr \/>\r\n<p>Le r\u00e8glement du Plan Local d\u2019Urbanisme de la commune de Saint-Martin-des-Champs et le plan de zonage sont \u00e9galement consultables :<\/p>\r\n<\/div>\r\n<p>&#8211; sur le site de <a href=\"https:\/\/www.geoportail-urbanisme.gouv.fr\" target=\"_blank\" rel=\"noopener\">GEOPORTAIL <\/a><br \/>&#8211; sur le <a href=\"https:\/\/www.cc-payshoudanais.fr\/construire-le-territoire-durable\/sig\/\">SIG de la CCPH<\/a><\/p>\r\n<hr \/>\r\n<p><strong>Les dossiers de demande d\u2019urbanisme sont \u00e0 d\u00e9poser aupr\u00e8s du secr\u00e9tariat de mairie en\u00a0<u>quatre exemplaires<\/u>.<\/strong><\/p>\r\n<p>Afin de vous aider pour la constitution de votre dossier de demande\u00a0 d&rsquo;autorisation d&rsquo;urbanisme, plusieurs liens sont accessibles :<\/p>\r\n<p>Un t\u00e9l\u00e9service-guide, \u00e9dit\u00e9 par le Minist\u00e8re charg\u00e9 de l&rsquo;urbanisme, destin\u00e9 aux usagers pour constituer vos demandes :\u00a0<a href=\"https:\/\/www.service-public.fr\/particuliers\/vosdroits\/R52221\" target=\"_blank\" rel=\"noopener\">Assistance aux demandes d&rsquo;autorisations d&rsquo;urbanisme (AD&rsquo;AU)<\/a><\/p>\r\n<p>Vous pouvez consulter les plans cadastraux en cliquant\u00a0<a href=\"https:\/\/www.cadastre.gouv.fr\/scpc\/accueil.do\" target=\"_blank\" rel=\"noopener\">ici<\/a><\/p>\r\n<p>N&rsquo;oubliez pas de pr\u00e9voir la taxe d&rsquo;am\u00e9nagement (TA) et la taxe d&rsquo;arch\u00e9ologie pr\u00e9ventive (TAP) dans votre budget, pour plus d&rsquo;informations\u00a0cliquer\u00a0<a href=\"https:\/\/www.boncourt-28.fr\/medias\/files\/les-autorisations-d-urbanismes-et-les-taxes-en-2025.pdf\" target=\"_blank\" rel=\"noopener\">ici<\/a><br \/><br \/><\/p>\r\n<p><strong><span style=\"color: #ff6600;\">IMPRIMES DE DEMANDES D\u2019URBANISME<br \/><br \/><\/span><\/strong><span style=\"color: #000000;\">Pour t\u00e9l\u00e9charger les documents d\u2019urbanisme\u00a0(d\u00e9claration pr\u00e9alable, permis de construire etc\u2026) et pour trouver les informations g\u00e9n\u00e9rales concernant ces demandes, rendez-vous sur le site de l\u2019Administration F<\/span>ran\u00e7aise :\u00a0<a href=\"https:\/\/www.service-public.fr\/particuliers\/vosdroits\/N319\" target=\"_blank\" rel=\"noopener\">https:\/\/www.service-public.fr\/particuliers\/vosdroits\/N319<\/a><\/p>\r\n<p><strong>En compl\u00e9ment :\u00a0<\/strong><\/p>\r\n<p><a href=\"https:\/\/www.service-public.fr\/particuliers\/vosdroits\/R55969\" target=\"_blank\" rel=\"noopener\">Fiche compl\u00e9mentaire\/autres demandeurs pour un m\u00eame projet\u00a0codemandeurs<\/a>\u00a0\u00a0<br \/><a href=\"https:\/\/www.service-public.fr\/particuliers\/vosdroits\/R1980\" target=\"_blank\" rel=\"noopener\">Demande de permis de d\u00e9molir cerfa n\u00b0 13405<\/a><br \/><a href=\"https:\/\/www.service-public.fr\/particuliers\/vosdroits\/R11646\" target=\"_blank\" rel=\"noopener\">D\u00e9claration pr\u00e9alable constructions et travaux non soumis \u00e0 permis de construire cerfa n\u00b0 16702<\/a><br \/><a href=\"https:\/\/www.service-public.fr\/particuliers\/vosdroits\/R1995\" target=\"_blank\" rel=\"noopener\">D\u00e9claration pr\u00e9alable installations et am\u00e9nagements\u00a0 non soumis \u00e0 permis d&rsquo;am\u00e9nager cerfa n\u00b0 16703<\/a><br \/><a href=\"https:\/\/www.service-public.fr\/particuliers\/vosdroits\/R11637\" target=\"_blank\" rel=\"noopener\">Demande de permis de construire pour une maison individuelle et\/ou ses annexes\u00a0cerfa n\u00b0 13406<\/a><br \/><a href=\"https:\/\/www.service-public.fr\/particuliers\/vosdroits\/R21378\" target=\"_blank\" rel=\"noopener\">Demande de permis d&rsquo;\u00a0am\u00e9nager cerfa n\u00b0 16297\u00a0<\/a><br \/><a href=\"https:\/\/www.service-public.fr\/particuliers\/vosdroits\/R21323\" target=\"_blank\" rel=\"noopener\">Demande de modification d&rsquo;une autorisation d\u00e9livr\u00e9e en cours de validit\u00e9 ou de r\u00e9gularisation\u00a0n\u00b0 16700<\/a><br \/><a href=\"https:\/\/www.service-public.fr\/particuliers\/vosdroits\/R1970\" target=\"_blank\" rel=\"noopener\">Demande de certificat d&rsquo;urbanisme\u00a0informatif ou op\u00e9rationnel cerfa n\u00b0 13410<\/a><br \/><a href=\"https:\/\/www.service-public.fr\/particuliers\/vosdroits\/R2034\" target=\"_blank\" rel=\"noopener\">Demande de transfert d&rsquo;une autorisation d&rsquo;urbanisme d\u00e9livr\u00e9e en cours de validit\u00e9 cerfa n\u00b0 16701<\/a><\/p>\r\n","protected":false},"excerpt":{"rendered":"<p>Quelle autorisation d&rsquo;urbanisme est n\u00e9cessaire pour votre projet ? Construction, am\u00e9nagement, agrandissement\u00a0 Un PLU (plan local d\u2019urbanisme) r\u00e9git l\u2019urbanisme de la commune. Il est important de le consulter avant l\u2019\u00e9laboration&#8230; <a href=\"https:\/\/saint-martin-des-champs78.eu\/index.php\/vie-locale\/plu\/\">Read more &raquo;<\/a><\/p>\n","protected":false},"author":1,"featured_media":0,"parent":191,"menu_order":4,"comment_status":"closed","ping_status":"closed","template":"","meta":{"footnotes":""},"class_list":["post-242","page","type-page","status-publish","hentry"],"_links":{"self":[{"href":"https:\/\/saint-martin-des-champs78.eu\/index.php\/wp-json\/wp\/v2\/pages\/242","targetHints":{"allow":["GET"]}}],"collection":[{"href":"https:\/\/saint-martin-des-champs78.eu\/index.php\/wp-json\/wp\/v2\/pages"}],"about":[{"href":"https:\/\/saint-martin-des-champs78.eu\/index.php\/wp-json\/wp\/v2\/types\/page"}],"author":[{"embeddable":true,"href":"https:\/\/saint-martin-des-champs78.eu\/index.php\/wp-json\/wp\/v2\/users\/1"}],"replies":[{"embeddable":true,"href":"https:\/\/saint-martin-des-champs78.eu\/index.php\/wp-json\/wp\/v2\/comments?post=242"}],"version-history":[{"count":26,"href":"https:\/\/saint-martin-des-champs78.eu\/index.php\/wp-json\/wp\/v2\/pages\/242\/revisions"}],"predecessor-version":[{"id":2213,"href":"https:\/\/saint-martin-des-champs78.eu\/index.php\/wp-json\/wp\/v2\/pages\/242\/revisions\/2213"}],"up":[{"embeddable":true,"href":"https:\/\/saint-martin-des-champs78.eu\/index.php\/wp-json\/wp\/v2\/pages\/191"}],"wp:attachment":[{"href":"https:\/\/saint-martin-des-champs78.eu\/index.php\/wp-json\/wp\/v2\/media?parent=242"}],"curies":[{"name":"wp","href":"https:\/\/api.w.org\/{rel}","templated":true}]}}