{"id":269,"date":"2021-03-13T18:06:16","date_gmt":"2021-03-13T17:06:16","guid":{"rendered":"http:\/\/saint-martin-des-champs78.eu\/?page_id=269"},"modified":"2025-08-29T18:22:57","modified_gmt":"2025-08-29T16:22:57","slug":"ccph","status":"publish","type":"page","link":"https:\/\/saint-martin-des-champs78.eu\/index.php\/informations-utiles\/ccph\/","title":{"rendered":"CCPH"},"content":{"rendered":"\r\n<p>La Communaut\u00e9 de Communes du Pays\u00a0Houdanais\u00a0est une structure de coop\u00e9ration intercommunale qui dispose de ses propres ressources fiscales.<br \/>Elle a \u00e9t\u00e9 cr\u00e9\u00e9e fin 1997. Sa population totale d\u00e9passe les vingt-six mille trois cent habitants. La CCPH est administr\u00e9e par un Conseil Communautaire compos\u00e9 de d\u00e9l\u00e9gu\u00e9s nomm\u00e9s par les communes membres, qui \u00e9lisent le Pr\u00e9sident de la Communaut\u00e9 de Communes.<\/p>\r\n\r\n\r\n\r\n<p>L\u2019ambition de la CCPH est d\u2019organiser entre les communes un espace de solidarit\u00e9 capable de d\u00e9velopper des projets qu\u2019aucune commune seule ne pourrait assumer, et qui int\u00e9ressent l\u2019ensemble des habitants du Pays\u00a0Houdanais. Elle joue \u00e9galement un r\u00f4le de locomotive en termes de d\u00e9veloppement \u00e9conomique, dans l\u2019int\u00e9r\u00eat du territoire commun.<\/p>\r\n\r\n\r\n\r\n<p>Adresse :\u00a022 Porte d\u2019Epernon 78550\u00a0Maulette<br \/>T\u00e9l\u00e9phone :\u00a001 30 46 82 80<br \/>Site internet\u00a0:\u00a0<a href=\"https:\/\/www.cc-payshoudanais.fr\" target=\"_blank\" rel=\"noopener\">cc-payshoudanais.fr\/fr\/accueil.html<\/a><\/p>\r\n\r\n\r\n\r\n\r\n","protected":false},"excerpt":{"rendered":"<p>La Communaut\u00e9 de Communes du Pays\u00a0Houdanais\u00a0est une structure de coop\u00e9ration intercommunale qui dispose de ses propres ressources fiscales.Elle a \u00e9t\u00e9 cr\u00e9\u00e9e fin 1997. Sa population totale d\u00e9passe les vingt-six mille&#8230; <a href=\"https:\/\/saint-martin-des-champs78.eu\/index.php\/informations-utiles\/ccph\/\">Read more &raquo;<\/a><\/p>\n","protected":false},"author":1,"featured_media":0,"parent":205,"menu_order":5,"comment_status":"closed","ping_status":"closed","template":"","meta":{"footnotes":""},"class_list":["post-269","page","type-page","status-publish","hentry"],"_links":{"self":[{"href":"https:\/\/saint-martin-des-champs78.eu\/index.php\/wp-json\/wp\/v2\/pages\/269","targetHints":{"allow":["GET"]}}],"collection":[{"href":"https:\/\/saint-martin-des-champs78.eu\/index.php\/wp-json\/wp\/v2\/pages"}],"about":[{"href":"https:\/\/saint-martin-des-champs78.eu\/index.php\/wp-json\/wp\/v2\/types\/page"}],"author":[{"embeddable":true,"href":"https:\/\/saint-martin-des-champs78.eu\/index.php\/wp-json\/wp\/v2\/users\/1"}],"replies":[{"embeddable":true,"href":"https:\/\/saint-martin-des-champs78.eu\/index.php\/wp-json\/wp\/v2\/comments?post=269"}],"version-history":[{"count":9,"href":"https:\/\/saint-martin-des-champs78.eu\/index.php\/wp-json\/wp\/v2\/pages\/269\/revisions"}],"predecessor-version":[{"id":2058,"href":"https:\/\/saint-martin-des-champs78.eu\/index.php\/wp-json\/wp\/v2\/pages\/269\/revisions\/2058"}],"up":[{"embeddable":true,"href":"https:\/\/saint-martin-des-champs78.eu\/index.php\/wp-json\/wp\/v2\/pages\/205"}],"wp:attachment":[{"href":"https:\/\/saint-martin-des-champs78.eu\/index.php\/wp-json\/wp\/v2\/media?parent=269"}],"curies":[{"name":"wp","href":"https:\/\/api.w.org\/{rel}","templated":true}]}}