{"id":329,"date":"2021-03-23T19:15:34","date_gmt":"2021-03-23T18:15:34","guid":{"rendered":"http:\/\/saint-martin-des-champs78.eu\/?page_id=329"},"modified":"2025-08-08T16:06:43","modified_gmt":"2025-08-08T14:06:43","slug":"tableau-des-deliberations-du-c-m-du-08-10-2024","status":"publish","type":"page","link":"https:\/\/saint-martin-des-champs78.eu\/index.php\/tableau-des-deliberations-du-c-m-du-08-10-2024\/","title":{"rendered":"MUNICIPALITE"},"content":{"rendered":"<p>\u200b<a href=\"https:\/\/saint-martin-des-champs78.eu\/index.php\/test2\/equipe-municipale\/\" target=\"_blank\" rel=\"noopener\">Equipe Municipale\u200b<\/a><br \/><br \/><a href=\"https:\/\/saint-martin-des-champs78.eu\/index.php\/test2\/personnel-communal\/\" target=\"_blank\" rel=\"noopener\">Personnel Communal\u200b<\/a><br \/><br \/><a href=\"https:\/\/saint-martin-des-champs78.eu\/index.php\/test2\/commissions-et-syndicats\/\" target=\"_blank\" rel=\"noopener\">Commissions et Syndicats\u200b<\/a><br \/><br \/><a href=\"https:\/\/saint-martin-des-champs78.eu\/index.php\/test2\/municipalite\/\" target=\"_blank\" rel=\"noopener\">Comptes Rendus des conseils municipaux\u200b<\/a><\/p>\r\n<p><a href=\"https:\/\/saint-martin-des-champs78.eu\/wp-content\/uploads\/2024\/10\/Tableau-des-deliberations-du-C.M-du-08-10-2024.docx\">Tableau des d\u00e9lib\u00e9rations du C.M du 08-10-2024<\/a><\/p>\r\n<p><a href=\"https:\/\/saint-martin-des-champs78.eu\/index.php\/test2\/les-arretes-municipaux\/\">Les arr\u00eat\u00e9s municipaux<\/a><a href=\"https:\/\/saint-martin-des-champs78.eu\/wp-content\/uploads\/2024\/10\/2-PV-du-4-06-24.pdf\">2-PV du 4-06-24<\/a><\/p>\r\n<!-- \/wp:post-content -->\r\n\r\n<!-- wp:paragraph \/-->\r\n\r\n<!-- wp:paragraph \/-->\r\n\r\n<!-- wp:paragraph \/-->\r\n\r\n<!-- wp:paragraph \/-->\r\n\r\n<!-- wp:paragraph \/-->\r\n\r\n<!-- wp:paragraph \/-->\r\n\r\n<!-- wp:paragraph \/-->\r\n\r\n<!-- wp:paragraph -->\r\n<p>&nbsp;<\/p>","protected":false},"excerpt":{"rendered":"<p>\u200bEquipe Municipale\u200b Personnel Communal\u200b Commissions et Syndicats\u200b Comptes Rendus des conseils municipaux\u200b Tableau des d\u00e9lib\u00e9rations du C.M du 08-10-2024 Les arr\u00eat\u00e9s municipaux2-PV du 4-06-24 &nbsp;<\/p>\n","protected":false},"author":1,"featured_media":0,"parent":0,"menu_order":0,"comment_status":"closed","ping_status":"closed","template":"","meta":{"footnotes":""},"class_list":["post-329","page","type-page","status-publish","hentry"],"_links":{"self":[{"href":"https:\/\/saint-martin-des-champs78.eu\/index.php\/wp-json\/wp\/v2\/pages\/329","targetHints":{"allow":["GET"]}}],"collection":[{"href":"https:\/\/saint-martin-des-champs78.eu\/index.php\/wp-json\/wp\/v2\/pages"}],"about":[{"href":"https:\/\/saint-martin-des-champs78.eu\/index.php\/wp-json\/wp\/v2\/types\/page"}],"author":[{"embeddable":true,"href":"https:\/\/saint-martin-des-champs78.eu\/index.php\/wp-json\/wp\/v2\/users\/1"}],"replies":[{"embeddable":true,"href":"https:\/\/saint-martin-des-champs78.eu\/index.php\/wp-json\/wp\/v2\/comments?post=329"}],"version-history":[{"count":15,"href":"https:\/\/saint-martin-des-champs78.eu\/index.php\/wp-json\/wp\/v2\/pages\/329\/revisions"}],"predecessor-version":[{"id":2029,"href":"https:\/\/saint-martin-des-champs78.eu\/index.php\/wp-json\/wp\/v2\/pages\/329\/revisions\/2029"}],"wp:attachment":[{"href":"https:\/\/saint-martin-des-champs78.eu\/index.php\/wp-json\/wp\/v2\/media?parent=329"}],"curies":[{"name":"wp","href":"https:\/\/api.w.org\/{rel}","templated":true}]}}