{"id":37,"date":"2021-03-05T18:49:07","date_gmt":"2021-03-05T17:49:07","guid":{"rendered":"http:\/\/saint-martin-des-champs78.eu\/?page_id=37"},"modified":"2026-03-29T10:59:03","modified_gmt":"2026-03-29T08:59:03","slug":"nouvel-arrivant","status":"publish","type":"page","link":"https:\/\/saint-martin-des-champs78.eu\/index.php\/page-d-exemple\/nouvel-arrivant\/","title":{"rendered":"Nouvel arrivant"},"content":{"rendered":"\r\n<p><span style=\"color: #ff6600;\">Fournisseur Eau :<\/span> <a href=\"https:\/\/www.saurclient.fr\/\" target=\"_blank\" rel=\"noreferrer noopener\">Cliquez ici<\/a><\/p>\r\n<p>\r\n\r\n<\/p>\r\n<p><span style=\"color: #ff6600;\">Fournisseur Energie :<\/span>\u00a0<a href=\"http:\/\/www.sicae-ely.fr\/\" target=\"_blank\" rel=\"noopener\">Cliquez ici<\/a><\/p>\r\n<p>\r\n\r\n<\/p>\r\n<p><span style=\"color: #ff6600;\">Centre des Imp\u00f4ts :<\/span>\u00a0<a href=\"https:\/\/lannuaire.service-public.fr\/ile-de-france\/yvelines\/sip-78361-01\" target=\"_blank\" rel=\"noreferrer noopener\">Cliquez ici<\/a><\/p>\r\n<p>\r\n\r\n<\/p>\r\n<p><span style=\"color: #ff6600;\">Assainissement non collectif SPANC<\/span> : <a href=\"https:\/\/www.cc-payshoudanais.fr\/fr\/preserver-l-environnement\/le-spanc\/missions-du-spanc.html\" target=\"_blank\" rel=\"noreferrer noopener\">Cliquez ici<\/a><\/p>\r\n<p>\r\n\r\n<\/p>\r\n<p><span style=\"color: #ff6600;\">Demande de bacs pour les d\u00e9chets et de badge d\u00e9ch\u00e8teries :<\/span> <a href=\"https:\/\/saint-martin-des-champs78.eu\/index.php\/page-d-exemple\/dechets-encombrants\/\" target=\"_blank\" rel=\"noreferrer noopener\">Cliquez ici<\/a><\/p>\r\n<p><span style=\"color: #ff6600;\">Inscription scolaire RPI :<\/span> <a href=\"https:\/\/saint-martin-des-champs78.eu\/wp-content\/uploads\/2021\/03\/Fiche-inscription-scolaire.pdf\" target=\"_blank\" rel=\"noopener\">Cliquez ici<\/a><\/p>\r\n<p>\r\n\r\n<\/p>\r\n<p><span style=\"color: #ff6600;\">Inscription sur les listes \u00e9lectorales :<\/span>\u00a0<a href=\"https:\/\/www.service-public.fr\/particuliers\/vosdroits\/N47\" target=\"_blank\" rel=\"noreferrer noopener\">Cliquez ici<\/a><\/p>\r\n<p>\r\n\r\n<\/p>\r\n<p><span style=\"color: #ff6600;\">T\u00e9l\u00e9charger PanneauPocket (Informations &amp; alertes de la Mairie)<\/span> <span style=\"color: #ff6600;\">:<\/span> <a href=\"https:\/\/www.panneaupocket.com\/telechargez-panneaupocket-lapplication-de-votre-mairie\/\" target=\"_blank\" rel=\"noreferrer noopener\">Cliquez ici<\/a><\/p>\r\n","protected":false},"excerpt":{"rendered":"<p>Fournisseur Eau : Cliquez ici Fournisseur Energie :\u00a0Cliquez ici Centre des Imp\u00f4ts :\u00a0Cliquez ici Assainissement non collectif SPANC : Cliquez ici Demande de bacs pour les d\u00e9chets et de badge&#8230; <a href=\"https:\/\/saint-martin-des-champs78.eu\/index.php\/page-d-exemple\/nouvel-arrivant\/\">Read more &raquo;<\/a><\/p>\n","protected":false},"author":1,"featured_media":0,"parent":2,"menu_order":2,"comment_status":"closed","ping_status":"closed","template":"","meta":{"footnotes":""},"class_list":["post-37","page","type-page","status-publish","hentry"],"_links":{"self":[{"href":"https:\/\/saint-martin-des-champs78.eu\/index.php\/wp-json\/wp\/v2\/pages\/37","targetHints":{"allow":["GET"]}}],"collection":[{"href":"https:\/\/saint-martin-des-champs78.eu\/index.php\/wp-json\/wp\/v2\/pages"}],"about":[{"href":"https:\/\/saint-martin-des-champs78.eu\/index.php\/wp-json\/wp\/v2\/types\/page"}],"author":[{"embeddable":true,"href":"https:\/\/saint-martin-des-champs78.eu\/index.php\/wp-json\/wp\/v2\/users\/1"}],"replies":[{"embeddable":true,"href":"https:\/\/saint-martin-des-champs78.eu\/index.php\/wp-json\/wp\/v2\/comments?post=37"}],"version-history":[{"count":13,"href":"https:\/\/saint-martin-des-champs78.eu\/index.php\/wp-json\/wp\/v2\/pages\/37\/revisions"}],"predecessor-version":[{"id":2170,"href":"https:\/\/saint-martin-des-champs78.eu\/index.php\/wp-json\/wp\/v2\/pages\/37\/revisions\/2170"}],"up":[{"embeddable":true,"href":"https:\/\/saint-martin-des-champs78.eu\/index.php\/wp-json\/wp\/v2\/pages\/2"}],"wp:attachment":[{"href":"https:\/\/saint-martin-des-champs78.eu\/index.php\/wp-json\/wp\/v2\/media?parent=37"}],"curies":[{"name":"wp","href":"https:\/\/api.w.org\/{rel}","templated":true}]}}