{"id":40,"date":"2021-03-05T18:46:51","date_gmt":"2021-03-05T17:46:51","guid":{"rendered":"http:\/\/saint-martin-des-champs78.eu\/?page_id=40"},"modified":"2026-03-26T21:47:31","modified_gmt":"2026-03-26T20:47:31","slug":"dechets-encombrants","status":"publish","type":"page","link":"https:\/\/saint-martin-des-champs78.eu\/index.php\/page-d-exemple\/dechets-encombrants\/","title":{"rendered":"D\u00e9chets \u2013 Encombrants"},"content":{"rendered":"\r\n<p><strong><span style=\"color: #ff6600;\">RAMASSAGE DES ORDURES MENAGERES ET DES EMBALLAGES<\/span><br \/><\/strong>Tous les mercredis matin &#8211; Les bacs doivent \u00eatre sortis le mardi soir pour la collecte.<br \/><span style=\"color: #ff0000;\">Consignes de tri :<\/span> <a href=\"https:\/\/sidompe.fr\/les-consignes-de-tri\/\" target=\"_blank\" rel=\"noopener\">cliquez ici\u00a0<\/a><\/p>\r\n\r\n\r\n\r\n\r\n\r\n<p><strong><span style=\"color: #ff6600;\">RAMASSAGE DES DECHETS VERTS<\/span><br \/><\/strong>Tous les mardis, du 31 mars au 8 d\u00e9cembre 2026 dans les bacs sp\u00e9cifiques.<br \/>Pendant la p\u00e9riode Estivale : une fois tous les 15 jours, le mardi, du 06 juillet au 28 ao\u00fbt 2026, soit les 07 et 21 juillet et les 04 et 18 ao\u00fbt 2026.<\/p>\r\n<p><strong>Le remplacement\/changement de poubelle ou la r\u00e9paration de couvercle cass\u00e9 se fait directement aupr\u00e8s de la CCPH par t\u00e9l\u00e9phone 01 30 88 76 63 ou par <a href=\"dechets@cc-payshoudanais.fr\">mail<\/a><\/strong><\/p>\r\n\r\n\r\n\r\n\r\n\r\n\r\n\r\n<p><strong><span style=\"color: #ff6600;\">RAMASSAGE DES ENCOMBRANTS<\/span><br \/><\/strong>La collecte des objets encombrants s\u2019effectue\u00a0<strong>uniquement sur rendez-vous<\/strong> aupr\u00e8s du prestataire SEPUR au : <strong>01 30 79 31 70.<\/strong><br \/>Le volume de d\u00e9chets collect\u00e9s\u00a0<strong>ne peut exc\u00e9der 6 m\u00b3 par foyer et par ann\u00e9e civile<\/strong>\u00a0et la collecte est limit\u00e9e \u00e0\u00a0<strong>2 passages par an<\/strong>.<\/p>\r\n<p><strong>Les principaux objets autoris\u00e9s aux encombrants sont\u00a0:<\/strong><br \/>&#8211; Les gros objets : landaus, parasols, etc.<br \/>&#8211; La ferraille (d\u00e9tritus de fer ou de fonte, d\u00e9chets de m\u00e9taux, des d\u00e9bris de pi\u00e8ces\u2026)<br \/>&#8211; Le bois<br \/>&#8211; Les meubles et matelas<br \/>&#8211; Les jouets<br \/>&#8211; Les v\u00e9los<\/p>\r\n<p><strong>Les principaux objets interdits aux encombrants sont\u00a0:<\/strong><br \/>&#8211; D\u00e9chets dangereux, solides, liquides et p\u00e2teux (peintures, solvants, huiles, bouteilles de gaz, amiante, etc.)<br \/>&#8211; D\u00e9chets d\u2019\u00e9quipements \u00e9lectroniques et \u00e9lectriques (r\u00e9frig\u00e9rateurs, machines \u00e0 laver, gazini\u00e8res, chaudi\u00e8res, t\u00e9l\u00e9viseurs, consoles, ordinateurs, etc.)<br \/>&#8211; D\u00e9chets de chantiers (fa\u00efenceries, WC, baignoires, gravats, fen\u00eatres, vitres, miroirs, pl\u00e2tres, etc.)<br \/>&#8211; D\u00e9chets automobiles (pneus , batteries, pi\u00e8ces automobiles, carrosserie, huiles de vidange, etc.)<br \/>&#8211; Ordures m\u00e9nag\u00e8res<br \/>&#8211; D\u00e9chets verts<br \/>&#8211; Encombrants avec punaises de lits<br \/>&#8211; Palettes<br \/>&#8211; Vaisselle<br \/>&#8211; Cartons, hors cartons de gros emballages pli\u00e9s (pas de cartons remplis d\u2019objets)<\/p>\r\n<p>Tout au long de l\u2019ann\u00e9e, les objets encombrants peuvent \u00e9galement \u00eatre\u00a0<strong>apport\u00e9s directement en d\u00e9ch\u00e8terie<\/strong>, o\u00f9 ils seront\u00a0<strong>tri\u00e9s et valoris\u00e9s<\/strong>.<\/p>\r\n<p><strong><span style=\"color: #ff6600;\">LES DECHETERIES<br \/><\/span><\/strong>L\u2019acc\u00e8s aux d\u00e9ch\u00e8teries se fait\u00a0<strong>gr\u00e2ce \u00e0 un badge d\u2019acc\u00e8s<\/strong>. Le badge qui vous a \u00e9t\u00e9 d\u00e9livr\u00e9 par le SIEED demeure valable. <strong>Le\u00a0badge, comme les poubelles, est\u00a0li\u00e9 \u00e0 l\u2019habitation et non \u00e0 l\u2019habitant.<\/strong> Un seul badge est d\u00e9livr\u00e9 gratuitement par foyer (y compris pour les nouveaux arrivants), entreprise ou collectivit\u00e9 assujetti \u00e0 la Taxe d\u2019Enl\u00e8vement des Ordures M\u00e9nag\u00e8res (TEOM) ou \u00e0 la redevance sp\u00e9ciale.<\/p>\r\n<p>Pour un logement r\u00e9cemment achet\u00e9 ou lou\u00e9, r\u00e9cup\u00e9rez le badge aupr\u00e8s des\u00a0<strong>propri\u00e9taires pr\u00e9c\u00e9dents<\/strong>\u00a0ou de l\u2019<strong>agence immobili\u00e8re<\/strong>, puis transmettez l\u2019<strong>attestation du notaire ou le bail de location<\/strong>\u00a0pour mettre \u00e0 jour la base de donn\u00e9es.<\/p>\r\n<p>Si vous n\u2019avez pas de badge, vous pouvez le\u00a0<strong>demander aupr\u00e8s du service D\u00e9chets<\/strong>\u00a0du Pays Houdanais par mail, courrier, \u00e0 la CCPH ou au centre technique communautaire (25, route de Gambais \u2013 78550 MAULETTE) ou via votre espace particulier. Vous devrez accompagner votre demande des pi\u00e8ces justificatives suivantes :<\/p>\r\n<ul class=\"wp-block-list\">\r\n<li>Vous \u00eates un particulier : une copie de la carte d\u2019identit\u00e9 et une copie d\u2019un justificatif de domicile de moins de 3 mois<\/li>\r\n<li>Vous \u00eates un professionnel : une copie d\u2019un justificatif de domiciliation de la soci\u00e9t\u00e9 et une copie de l\u2019extrait Kbis ou de la fiche INSEE<\/li>\r\n<\/ul>\r\n<p>En cas de perte, de casse ou de vol du badge, un montant de\u00a0<strong>10 \u20ac<\/strong>\u00a0vous sera demand\u00e9.<\/p>\r\n<p><strong>Acc\u00e8s aux d\u00e9ch\u00e8teries<\/strong><br \/>Tous les habitants du territoire ont acc\u00e8s aux\u00a0deux d\u00e9ch\u00e8teries\u00a0du Pays Houdanais ainsi qu\u2019aux deux d\u00e9ch\u00e8teries de la Communaut\u00e9 de Communes de Coeur d\u2019Yvelines :<br \/><br \/><strong>&#8211; Boutigny-Prouais : Rue de la Pilonnerie, lieu dit \u00ab\u00a0Les Joncs\u00a0\u00bb \u2013 Croisement entre les RD 305 et 101<\/strong><br \/>Mardi, Mercredi et Samedi : de 10h00 \u00e0 12h30 et de 13h30 \u00e0 17h00.<br \/>Dimanche : de 9h00 \u00e0 13h00.<br \/><br \/><strong>&#8211; Houdan : Chemin ou route d&rsquo;Anet &#8211; Voie communale n\u00b02\u00a0<\/strong><br \/>Lundi, Jeudi, Vendredi, Samedi : de 10h00 \u00e0 12h30 et de 13h30 \u00e0 17h00.<br \/>Dimanche : de 9h00 \u00e0 13h00.<br \/><br \/><strong>&#8211; Garanci\u00e8res : 29 bis rue de la Gare\u00a0<\/strong><br \/>Mardi, Vendredi, Samedi : de 10h00 \u00e0 12h30 et de 13h30 \u00e0 17h00. Dimanche : de 9h00 \u00e0 13h00<br \/><br \/><strong>&#8211; M\u00e9r\u00e9 : Route de la Bardelle &#8211; Chemin rural n\u00b0 11\u00a0<\/strong><br \/>Lundi, Vendredi, Samedi : de 10h00 \u00e0 12h30 et de 13h30 \u00e0 17h00. Dimanche : de 9h00 \u00e0 13h00.<\/p>\r\n<p><strong>Le\u00a0tri des d\u00e9chets en d\u00e9ch\u00e8terie est obligatoire.<\/strong><\/p>\r\n<p><strong>L\u2019acc\u00e8s aux particuliers<\/strong>\u00a0est limit\u00e9 \u00e0 24m\u00b3 sur une ann\u00e9e et les volumes journaliers par site et par d\u00e9posant sont limit\u00e9s \u00e0 2m\u00b3 par jour.<br \/><strong>L\u2019acc\u00e8s aux professionnels<\/strong>\u00a0est payant selon les tarifs fix\u00e9s par d\u00e9lib\u00e9ration et dans la limite de 2m\u00b3 par passage et par jour. Le paiement s\u2019effectue au plus tard la veille de l\u2019acc\u00e8s dans les d\u00e9ch\u00e8teries.<\/p>\r\n<p><strong>Tarifs d\u2019apport en d\u00e9ch\u00e8teries pour les professionnels et les collectivit\u00e9s :<\/strong><br \/>&#8211; Tout venant et gravats : 40 \u20ac\/m\u00b3<br \/>&#8211; Autres d\u00e9chets : 20 \u20ac\/m\u00b3<\/p>\r\n<p>T\u00e9l\u00e9chargez le\u00a0<strong>r\u00e8glement int\u00e9rieur des d\u00e9ch\u00e8teries<\/strong>\u00a0<a href=\"https:\/\/www.cc-payshoudanais.fr\/wp-content\/uploads\/2026\/03\/REGLEMENT-INTERIEUR-DES-DECHETERIES-CCPH-FEV-2026.pdf\">ici<\/a>.<\/p>\r\n","protected":false},"excerpt":{"rendered":"<p>RAMASSAGE DES ORDURES MENAGERES ET DES EMBALLAGESTous les mercredis matin &#8211; Les bacs doivent \u00eatre sortis le mardi soir pour la collecte.Consignes de tri : cliquez ici\u00a0 RAMASSAGE DES DECHETS&#8230; <a href=\"https:\/\/saint-martin-des-champs78.eu\/index.php\/page-d-exemple\/dechets-encombrants\/\">Read more &raquo;<\/a><\/p>\n","protected":false},"author":1,"featured_media":0,"parent":2,"menu_order":3,"comment_status":"closed","ping_status":"closed","template":"","meta":{"footnotes":""},"class_list":["post-40","page","type-page","status-publish","hentry"],"_links":{"self":[{"href":"https:\/\/saint-martin-des-champs78.eu\/index.php\/wp-json\/wp\/v2\/pages\/40","targetHints":{"allow":["GET"]}}],"collection":[{"href":"https:\/\/saint-martin-des-champs78.eu\/index.php\/wp-json\/wp\/v2\/pages"}],"about":[{"href":"https:\/\/saint-martin-des-champs78.eu\/index.php\/wp-json\/wp\/v2\/types\/page"}],"author":[{"embeddable":true,"href":"https:\/\/saint-martin-des-champs78.eu\/index.php\/wp-json\/wp\/v2\/users\/1"}],"replies":[{"embeddable":true,"href":"https:\/\/saint-martin-des-champs78.eu\/index.php\/wp-json\/wp\/v2\/comments?post=40"}],"version-history":[{"count":27,"href":"https:\/\/saint-martin-des-champs78.eu\/index.php\/wp-json\/wp\/v2\/pages\/40\/revisions"}],"predecessor-version":[{"id":2095,"href":"https:\/\/saint-martin-des-champs78.eu\/index.php\/wp-json\/wp\/v2\/pages\/40\/revisions\/2095"}],"up":[{"embeddable":true,"href":"https:\/\/saint-martin-des-champs78.eu\/index.php\/wp-json\/wp\/v2\/pages\/2"}],"wp:attachment":[{"href":"https:\/\/saint-martin-des-champs78.eu\/index.php\/wp-json\/wp\/v2\/media?parent=40"}],"curies":[{"name":"wp","href":"https:\/\/api.w.org\/{rel}","templated":true}]}}