{"id":490,"date":"2021-03-25T15:11:14","date_gmt":"2021-03-25T14:11:14","guid":{"rendered":"http:\/\/saint-martin-des-champs78.eu\/?page_id=490"},"modified":"2026-04-02T08:34:53","modified_gmt":"2026-04-02T06:34:53","slug":"salle-polyvalente","status":"publish","type":"page","link":"https:\/\/saint-martin-des-champs78.eu\/index.php\/vie-locale\/salle-polyvalente\/","title":{"rendered":"Salle Polyvalente"},"content":{"rendered":"<p>La salle est r\u00e9serv\u00e9e aux activit\u00e9s organis\u00e9es par la commune, aux associations d\u00e9clar\u00e9es ainsi qu&rsquo;aux manifestations familiales \u00e0 but non lucratif.<\/p>\n<p><span style=\"color: #ff6600;\"><strong>RESERVATION<\/strong><\/span><br \/>\nLe preneur devra faire une demande \u00e9crite aupr\u00e8s de la <a href=\"mairie@smdc78.fr\">mairie<\/a> en pr\u00e9cisant :<br \/>\n&#8211; L&rsquo;usage<br \/>\n&#8211; Le jour<br \/>\n&#8211; Les heures d&rsquo;utilisation<\/p>\n<p><span style=\"color: #ff6600;\"><strong>LOCATION ET REMISE DES CLES<\/strong><\/span><br \/>\nLa salle polyvalente est mise \u00e0 disposition les week-ends et les jours f\u00e9ri\u00e9s.<\/p>\n<p><span style=\"color: #808000;\"><strong>Location \u00e0 la journ\u00e9e<\/strong><\/span><br \/>\n&#8211; Location le samedi remise des cl\u00e9s le vendredi \u00e0 partir de 16h30 sur rendez-vous jusqu&rsquo;au dimanche matin 10h. Si la manifestation a lieu le samedi midi et qu&rsquo;une location est pr\u00e9vu le dimanche midi, les cl\u00e9s seront restitu\u00e9es \u00e0 20h.<br \/>\n&#8211; Location avec une manifestation le dimanche midi, remise des cl\u00e9s le samedi 20h30 jusqu&rsquo;au dimanche soir 20h.<\/p>\n<p><span style=\"color: #808000;\"><strong>Location du week-end<\/strong><\/span><br \/>\nLa remise des cl\u00e9s se fait du vendredi sur rendez-vous \u00e0 partir de 16h30 au dimanche soir suivant l&rsquo;horaire d\u00e9fini lors de la remise des cl\u00e9s<\/p>\n<p><strong><span style=\"color: #ff6600;\">TARIFS<\/span><\/strong><\/p>\n<p><strong>Pour les habitants de la commune<br \/>\n<\/strong><br \/>\n<em><span style=\"color: #808000;\">&#8211; A la journ\u00e9e\u00a0<\/span><\/em><br \/>\n\u00a4\u00a0Du 1er\u00a0avril au 30 septembre\u00a0: 200 \u20ac<br \/>\n\u00a4 Du 1er\u00a0octobre au 31 mars\u00a0: 250 \u20ac<\/p>\n<p><span style=\"color: #808000;\"><em>&#8211; Week-end<\/em><\/span><br \/>\n\u00a4 Du 1er\u00a0avril au 30 septembre\u00a0: 350 \u20ac<br \/>\n\u00a4 Du 1er\u00a0octobre au 31 mars\u00a0: 400 \u20ac<\/p>\n<p><strong>Pour les personnes ext\u00e9rieures \u00e0 la commune<\/strong><br \/>\n<span style=\"color: #808000;\"><em>&#8211; A la journ\u00e9e<\/em><\/span> : 500 \u20ac<br \/>\n<em><span style=\"color: #808000;\">&#8211; Week-end<\/span><\/em> : 800 \u20ac<\/p>\n<p><strong>Autre tarif en option<\/strong><br \/>\n&#8211; Prestation de m\u00e9nage : 150 \u20ac<br \/>\n&#8211; 1 table et 2 tr\u00e9teaux : 5 \u20ac<br \/>\n&#8211; 1 banc : 5 \u20ac<br \/>\n&#8211; 1 table, 2 tr\u00e9teaux et 2 bancs : 10 \u20ac<br \/>\n&#8211; Petite tente : 75 \u20ac<\/p>\n<p>A la remise des cl\u00e9s, il est demand\u00e9 3 ch\u00e8ques de d\u00e9p\u00f4t de garantie \u00e0 l&rsquo;ordre du Tr\u00e9sor Public :<br \/>\n&#8211; 1000 \u20ac pour la location<br \/>\n&#8211; 150 \u20ac pour le m\u00e9nage<br \/>\n&#8211; 100 \u20ac pour \u00e9ventuels d\u00e9passements d&rsquo;horaire<\/p>\n<p><strong><span style=\"color: #ff6600;\">NOMBRE DE PERSONNES<\/span><\/strong><br \/>\nLors de conf\u00e9rence, le nombre de personnes assises est fix\u00e9 \u00e0 120 personnes dont les organisateurs, acteurs, animateurs, etc.<br \/>\nLors de r\u00e9union d&rsquo;associations, de c\u00e9r\u00e9monies familiales ou amicale, de repas, cocktails, etc. le nombre de personnes maximum assises est fix\u00e9 \u00e0 100 personnes, organisateurs compris.<\/p>\n<p><a href=\"https:\/\/saint-martin-des-champs78.eu\/wp-content\/uploads\/2026\/04\/Reglement-salle-polyvalente.pdf\">R\u00e8glement de la salle polyvalente<\/a><\/p>\n","protected":false},"excerpt":{"rendered":"<p>La salle est r\u00e9serv\u00e9e aux activit\u00e9s organis\u00e9es par la commune, aux associations d\u00e9clar\u00e9es ainsi qu&rsquo;aux manifestations familiales \u00e0 but non lucratif. RESERVATION Le preneur devra faire une demande \u00e9crite aupr\u00e8s&#8230; <a href=\"https:\/\/saint-martin-des-champs78.eu\/index.php\/vie-locale\/salle-polyvalente\/\">Read more &raquo;<\/a><\/p>\n","protected":false},"author":1,"featured_media":0,"parent":191,"menu_order":3,"comment_status":"closed","ping_status":"closed","template":"","meta":{"footnotes":""},"class_list":["post-490","page","type-page","status-publish","hentry"],"_links":{"self":[{"href":"https:\/\/saint-martin-des-champs78.eu\/index.php\/wp-json\/wp\/v2\/pages\/490","targetHints":{"allow":["GET"]}}],"collection":[{"href":"https:\/\/saint-martin-des-champs78.eu\/index.php\/wp-json\/wp\/v2\/pages"}],"about":[{"href":"https:\/\/saint-martin-des-champs78.eu\/index.php\/wp-json\/wp\/v2\/types\/page"}],"author":[{"embeddable":true,"href":"https:\/\/saint-martin-des-champs78.eu\/index.php\/wp-json\/wp\/v2\/users\/1"}],"replies":[{"embeddable":true,"href":"https:\/\/saint-martin-des-champs78.eu\/index.php\/wp-json\/wp\/v2\/comments?post=490"}],"version-history":[{"count":8,"href":"https:\/\/saint-martin-des-champs78.eu\/index.php\/wp-json\/wp\/v2\/pages\/490\/revisions"}],"predecessor-version":[{"id":2190,"href":"https:\/\/saint-martin-des-champs78.eu\/index.php\/wp-json\/wp\/v2\/pages\/490\/revisions\/2190"}],"up":[{"embeddable":true,"href":"https:\/\/saint-martin-des-champs78.eu\/index.php\/wp-json\/wp\/v2\/pages\/191"}],"wp:attachment":[{"href":"https:\/\/saint-martin-des-champs78.eu\/index.php\/wp-json\/wp\/v2\/media?parent=490"}],"curies":[{"name":"wp","href":"https:\/\/api.w.org\/{rel}","templated":true}]}}