{"id":496,"date":"2021-03-25T15:15:31","date_gmt":"2021-03-25T14:15:31","guid":{"rendered":"http:\/\/saint-martin-des-champs78.eu\/?page_id=496"},"modified":"2026-04-02T09:40:02","modified_gmt":"2026-04-02T07:40:02","slug":"entreprises-implantees","status":"publish","type":"page","link":"https:\/\/saint-martin-des-champs78.eu\/index.php\/vie-locale\/entreprises-implantees\/","title":{"rendered":"Entreprises implant\u00e9es sur le village"},"content":{"rendered":"<div>\n<p><span style=\"color: #ff6600;\"><strong>AD BackOffice<\/strong><\/span><br \/>\n<strong>Assistante ind\u00e9pendante<\/strong><br \/>\nAnne DECARNELLE<br \/>\n06.83.86.28.41<br \/>\n<a href=\"mailto:anne@adbakoffice.fr\" target=\"_blank\" rel=\"noopener\">anne@adbackoffice.fr<\/a><br \/>\n<a href=\"https:\/\/adbackoffice.fr\/\" target=\"_blank\" rel=\"noopener\">adbackoffice.fr<\/a><\/p>\n<p><span style=\"color: #ff6600;\"><strong>Affinity Conseils<\/strong><\/span><br \/>\n<strong>Droit Social et Ressources Humaines<\/strong><br \/>\nLudivine DEMAGNY<br \/>\n07.60.25.49.59<br \/>\n<a href=\"mailto:Affinity.conseils78@gmail.com\" target=\"_blank\" rel=\"noopener\">Affinity.conseils78@gmail.com<\/a><\/p>\n<p><span style=\"color: #ff6600;\"><strong>Alo et Vera<\/strong><\/span><br \/>\n<strong>Conseill\u00e8re et Distributrice Ind\u00e9pendante Agr\u00e9\u00e9e FOREVER &#8211; Produits de bien \u00eatre \u00e0 base l&rsquo;Aloe Vera<\/strong><br \/>\nAlexandra JIRACEK<br \/>\n<a href=\"mailto:aloetvera5@gmail.com\" target=\"_blank\" rel=\"noopener\">aloetvera5@gmail.com<\/a><br \/>\n<a href=\"https:\/\/direct.foreverliving.fr\/ref\/330001402605\" target=\"_blank\" rel=\"noopener\">foreverliving.fr<\/a><\/p>\n<p><span style=\"color: #ff6600;\"><strong>Animal&rsquo;union<\/strong><\/span><br \/>\n<strong>M\u00e9diation animale<\/strong><br \/>\nMorgane MERLE<br \/>\n06.99.75.41.08<br \/>\n<a href=\"mailto:mediationanimale78@outlook.fr\" target=\"_blank\" rel=\"noopener\">mediationanimale78@outlook.fr<\/a><\/p>\n<p><span style=\"color: #ff6600;\"><strong>Les Ciseaux d&rsquo;Aurel<\/strong><\/span><br \/>\n<strong>Coiffeur \u00e0 domicile<\/strong><br \/>\nAur\u00e9lien LE GAC CHAPERON<br \/>\n06.98.55.16.89<br \/>\n<a href=\"mailto:Lesciseauxdaurel@hotmail.com\">lesciseauxdaurel@hotmail.com<\/a><br \/>\n<a href=\"https:\/\/www.facebook.com\/profile.php?id=61584162337606&amp;locale=fr_FR\">Page Facebook<\/a><\/p>\n<\/div>\n<p><span style=\"color: #ff6600;\"><strong>G\u00eete l&rsquo;Enface<\/strong><\/span><br \/>\nEmmanuelle PENVERN<br \/>\n<a href=\"https:\/\/www.gites-de-france-yvelines.com\/location-vacances-Gite-Saint-martin-des-champs-78G1154.html?&amp;nbp_min=2\" target=\"_blank\" rel=\"nofollow noopener noreferrer\">Location vacances G\u00eete n\u00b01154 \u00e0 Saint-martin-des-champs &#8211; G\u00eetes de France Yvelines (gites-de-france-yvelines.com)<\/a><\/p>\n<p><span style=\"color: #ff6600;\"><strong>Les Partenaires du Multiservices<\/strong><\/span><br \/>\n<strong>Prestataire de service nettoyage, b\u00e2timent et Hygi\u00e8ne 3D<\/strong><br \/>\nClaudio ALVES<br \/>\n06.13.28.74.41<br \/>\n<a href=\"mailto:Partenaireshygiene3d@gmail.com\" target=\"_blank\" rel=\"noopener\">Partenaireshygiene3d@gmail.com<\/a><\/p>\n<p><span style=\"color: #ff6600;\"><strong>QG de la Menuiserie<\/strong><\/span><br \/>\n<strong>Artisan poseur &#8211; Menuiserie int\u00e9rieure et ext\u00e9rieure<\/strong><br \/>\n06.99.85.34.54<br \/>\nqgdelamenuiserie@gmail.com<\/p>\n<p><span style=\"color: #ff6600;\"><strong>WAX Auto<\/strong><\/span><br \/>\n<strong>Achat-Vente-Reprise &#8211;\u00a0M\u00e9canique-Entretien &#8211;\u00a0D\u00e9pannage-Remorquage<\/strong><br \/>\n06.23.69.13.95<br \/>\n<a href=\"mailto:waxauto78@yahoo.cm\">waxauto78@yahoo.cm<\/a><\/p>\n","protected":false},"excerpt":{"rendered":"<p>AD BackOffice Assistante ind\u00e9pendante Anne DECARNELLE 06.83.86.28.41 anne@adbackoffice.fr adbackoffice.fr Affinity Conseils Droit Social et Ressources Humaines Ludivine DEMAGNY 07.60.25.49.59 Affinity.conseils78@gmail.com Alo et Vera Conseill\u00e8re et Distributrice Ind\u00e9pendante Agr\u00e9\u00e9e FOREVER &#8211;&#8230; <a href=\"https:\/\/saint-martin-des-champs78.eu\/index.php\/vie-locale\/entreprises-implantees\/\">Read more &raquo;<\/a><\/p>\n","protected":false},"author":1,"featured_media":0,"parent":191,"menu_order":6,"comment_status":"closed","ping_status":"closed","template":"","meta":{"footnotes":""},"class_list":["post-496","page","type-page","status-publish","hentry"],"_links":{"self":[{"href":"https:\/\/saint-martin-des-champs78.eu\/index.php\/wp-json\/wp\/v2\/pages\/496","targetHints":{"allow":["GET"]}}],"collection":[{"href":"https:\/\/saint-martin-des-champs78.eu\/index.php\/wp-json\/wp\/v2\/pages"}],"about":[{"href":"https:\/\/saint-martin-des-champs78.eu\/index.php\/wp-json\/wp\/v2\/types\/page"}],"author":[{"embeddable":true,"href":"https:\/\/saint-martin-des-champs78.eu\/index.php\/wp-json\/wp\/v2\/users\/1"}],"replies":[{"embeddable":true,"href":"https:\/\/saint-martin-des-champs78.eu\/index.php\/wp-json\/wp\/v2\/comments?post=496"}],"version-history":[{"count":32,"href":"https:\/\/saint-martin-des-champs78.eu\/index.php\/wp-json\/wp\/v2\/pages\/496\/revisions"}],"predecessor-version":[{"id":2194,"href":"https:\/\/saint-martin-des-champs78.eu\/index.php\/wp-json\/wp\/v2\/pages\/496\/revisions\/2194"}],"up":[{"embeddable":true,"href":"https:\/\/saint-martin-des-champs78.eu\/index.php\/wp-json\/wp\/v2\/pages\/191"}],"wp:attachment":[{"href":"https:\/\/saint-martin-des-champs78.eu\/index.php\/wp-json\/wp\/v2\/media?parent=496"}],"curies":[{"name":"wp","href":"https:\/\/api.w.org\/{rel}","templated":true}]}}