{"id":54,"date":"2021-03-06T23:21:58","date_gmt":"2021-03-06T22:21:58","guid":{"rendered":"http:\/\/saint-martin-des-champs78.eu\/?page_id=54"},"modified":"2026-03-29T11:06:27","modified_gmt":"2026-03-29T09:06:27","slug":"transport","status":"publish","type":"page","link":"https:\/\/saint-martin-des-champs78.eu\/index.php\/page-d-exemple\/transport\/","title":{"rendered":"Transport"},"content":{"rendered":"\r\n<p><span style=\"color: #ff6600;\"><strong>BUS<\/strong><\/span><\/p>\r\n\r\n\r\n\r\n<ul class=\"wp-block-list\">\r\n<li>Ligne <strong>5332<\/strong>\u00a0(Dammartin-en-Serve &#8211;\u00a0Montfort-l&rsquo;Amaury) (Gare d\u2019Orgerus, lyc\u00e9e Jean-Monnet \u00e0 la Queue-lez-Yvelines)\u00a0<a href=\"https:\/\/ilico.iledefrance-mobilites.fr\/uploads\/fiches\/20250804T125933Z-5cac9a6f-0143-4823-beeb-9eeef4c150f2.pdf\" target=\"_blank\" rel=\"noopener\">Ligne 5332<\/a><\/li>\r\n<\/ul>\r\n\r\n\r\n\r\n<ul class=\"wp-block-list\">\r\n<li>Pour\u00a0<em>les lyc\u00e9es de Rambouillet<\/em>, se renseigner aupr\u00e8s du SITERR (Syndicat Intercommunal de Transports et d\u2019Equipements de la R\u00e9gion de Rambouillet), domicili\u00e9 en mairie de Rambouillet (t\u00e9l : 01 34 83 68 90 \u2013 mail : accueil@siterr.fr).<\/li>\r\n<\/ul>\r\n\r\n\r\n\r\n<ul class=\"wp-block-list\">\r\n<li>Ligne 79 pour\u00a0<em>les lyc\u00e9es de la R\u00e9gion de Mantes<\/em>, se renseigner aupr\u00e8s du SMTS (Syndicat Mixte des Transports Scolaires Mantes\/Maule\/Septeuil) <a href=\"https:\/\/smtsboinville.com\/?cn-reloaded=1\" target=\"_blank\" rel=\"noopener\">site internet<\/a> domicili\u00e9 en mairie de Guerville (4 place de la Mairie \u2013 78930 \/ T\u00e9l : 06 74 53 14 10 \u2013 mail : smtsguerville78@gmail.com). <a href=\"https:\/\/smtsboinville.com\/wp-content\/uploads\/sites\/528\/2025\/08\/Horaires-transport-scolaire-2025-2026.pdf\" target=\"_blank\" rel=\"noopener\">Ligne 79<\/a><\/li>\r\n<\/ul>\r\n\r\n\r\n\r\n<p>Site du transporteur TRANSDEV :\u00a0<a href=\"http:\/\/www.transdev-idf.com\/\" target=\"_blank\" rel=\"noreferrer noopener\">Cliquez ici<\/a><\/p>\r\n\r\n\r\n\r\n<p><strong><br \/><span style=\"color: #ff6600;\">GARES ET LIGNES ASSOCIEES<\/span><br \/><br \/>ORGERUS-BEHOUST<\/strong>\u00a0(Parking payant &#8211; S\u2019adresser \u00e0 la Mairie au 01 34 87 20 31)<br \/><em>Adresse<\/em>\u00a0:\u00a0Rue de la Gare\u00a078910\u00a0Orgerus\u00a0&#8211;\u00a0<em>Ouverture<\/em>\u00a0du guichet : le mardi de 5h55 \u00e0 12h55<br \/>Ligne N (Montparnasse &#8211; Dreux)\u00a0<a href=\"https:\/\/www.transilien.com\/lignes\/rer-trains\/ligne-n\" target=\"_blank\" rel=\"noreferrer noopener\">Cliquez ici<\/a><\/p>\r\n\r\n\r\n\r\n<p><strong>MANTES-LA-JOLIE<\/strong>\u00a0(Parking payant)<br \/><em>Adresse<\/em>\u00a0:\u00a0Place du 8 mai 1945,\u00a078200\u00a0Mantes-la-Jolie\u00a0&#8211;\u00a0<em>Ouverture<\/em>\u00a0du guichet : lundi au vendredi de 6h \u00e0 19h30<br \/>Ligne N (Mantes \u00e0 Montparnasse)\u00a0<a href=\"https:\/\/www.transilien.com\/lignes\/rer-trains\/ligne-N\" target=\"_blank\" rel=\"noreferrer noopener\">Cliquez ici<\/a><br \/>Ligne J (Mantes \u00e0 Gare Saint-Lazare) <a href=\"https:\/\/www.transilien.com\/lignes\/rer-trains\/ligne-J\" target=\"_blank\" rel=\"noreferrer noopener\" data-type=\"URL\" data-id=\"https:\/\/www.transilien.com\/lignes\/rer-trains\/ligne-J\">Cliquez ici<\/a><\/p>\r\n\r\n\r\n\r\n\r\n\r\n\r\n\r\n<p><strong><br \/><span style=\"color: #ff6600;\">TRANSPORT A LA DEMANDE (TAD)<\/span><br \/><\/strong><br \/>Pour r\u00e9pondre aux besoins des franciliens, \u00cele-de-France Mobilit\u00e9s d\u00e9veloppe le Transport \u00c0 la Demande (T\u00e0D), un service compl\u00e9mentaire des autres modes de transport.<br \/><strong>Il fonctionne exclusivement sur r\u00e9servation : sur l\u2019application, le site internet, ou par t\u00e9l\u00e9phone. Il b\u00e9n\u00e9ficie de la m\u00eame tarification qu\u2019une ligne de bus classique.<\/strong><\/p>\r\n\r\n\r\n\r\n<p>Ce\u00a0service, exploit\u00e9 par la soci\u00e9t\u00e9 TRANSDEV,\u00a0entre dans le cadre du grand plan d\u2019am\u00e9lioration des r\u00e9seaux de bus sur l\u2019ensemble de la R\u00e9gion \u00cele-de-France et permet de d\u00e9velopper l\u2019offre de transport sur le territoire de la Communaut\u00e9 de Communes, notamment pendant les heures creuses.<\/p>\r\n<div>\r\n<div>\r\n<p>Ainsi depuis mai 2021, l\u2019ensemble des communes de la CCPH b\u00e9n\u00e9ficient de la desserte du T\u00e0D Houdan-Montfort, vous permettant ainsi de rejoindre depuis l\u2019un des 228 points d\u2019arr\u00eats T\u00e0D du territoire les principaux points d\u2019int\u00e9r\u00eat suivants : Gares, H\u00f4pital de Houdan et centres de sant\u00e9, Zones d\u2019Activit\u00e9s, centres commerciaux, lyc\u00e9es\u2026<\/p>\r\n<p><strong>Il fonctionne\u00a0du lundi\u00a0au vendredi, de 9h\u00a0\u00e0 15h35, ainsi que le samedi, de 9h\u00a0\u00e0 19h, et vient\u00a0compl\u00e9ter l\u2019offre des lignes de bus r\u00e9guli\u00e8res d\u00e9j\u00e0 existantes. Ce service est propos\u00e9 toute l\u2019ann\u00e9e y compris au mois d\u2019ao\u00fbt (sauf dimanches et jours f\u00e9ri\u00e9s).<\/strong><\/p>\r\n<\/div>\r\n<\/div>\r\n<p><em>Ce qui change de votre bus habituel<\/em> :<\/p>\r\n<ul>\r\n<li>la n\u00e9cessit\u00e9 de r\u00e9server son trajet au pr\u00e9alable (via l\u2019application, le t\u00e9l\u00e9phone ou sur le site internet).<\/li>\r\n<li>Une offre flexible et compl\u00e9mentaire des autres modes de transport.<\/li>\r\n<li>La possibilit\u00e9 de suivre l\u2019arriv\u00e9e de son v\u00e9hicule en temps r\u00e9el via l\u2019application.<\/li>\r\n<li>Des v\u00e9hicules g\u00e9n\u00e9ralement plus petits et tout confort.<\/li>\r\n<\/ul>\r\n<p><em>Combien \u00e7a co\u00fbte ?<\/em><\/p>\r\n<p>Le service T\u00e0D est accessible avec votre titre de transport habituel, sans surco\u00fbt, \u00e0 tous les voyageurs sans distinction. Vous pouvez retrouver l\u2019ensemble des modalit\u00e9s dans la rubrique \u00ab Titres et Tarifs \u00bb du portail r\u00e9gional iledefrance-mobilites.fr. La validation de votre titre de transport vous sera demand\u00e9e \u00e0 la mont\u00e9e dans le v\u00e9hicule.<\/p>\r\n<p><em>Comment r\u00e9server ?<\/em><\/p>\r\n<p>Sur la plateforme d\u2019\u00cele-de-France Mobilit\u00e9s d\u00e9di\u00e9e au transport \u00e0 la demande et sur laquelle vous pouvez :<\/p>\r\n<ul>\r\n<li>Cr\u00e9er votre compte<\/li>\r\n<li>R\u00e9server votre trajet (jusqu\u2019\u00e0 un mois \u00e0 l\u2019avance et jusqu\u2019\u00e0 une heure avant le d\u00e9part)<\/li>\r\n<li>Suivre votre T\u00e0D en temps r\u00e9el<\/li>\r\n<li>\u00c9valuer votre trajet<\/li>\r\n<\/ul>\r\n<p>Renseignez-vous sur les modalit\u00e9s sp\u00e9cifiques de fonctionnement du T\u00e0D :<\/p>\r\n<ul>\r\n<li>L\u2019application mobile :\u00a0<a href=\"https:\/\/play.google.com\/store\/apps\/details?id=io.padam.android_customer.TransdevIdfTad&amp;hl=fr\" target=\"_blank\" rel=\"noreferrer noopener\">T\u00e0D \u00cele-de-France Mobilit\u00e9s<\/a><\/li>\r\n<li><a href=\"https:\/\/reservation-tad.idfmobilites.fr\/search\">Le site Internet<\/a><\/li>\r\n<li>Par t\u00e9l\u00e9phone : 09 70 80 96 63 (du lundi au vendredi, de 9h \u00e0 18h)<\/li>\r\n<\/ul>\r\n<p><a href=\"https:\/\/www.cc-payshoudanais.fr\/dl.php?table=ani_fichiers&amp;nom_file=TAD-Houdan-offre-20210531.pdf&amp;chemin=uploads\/_ccph\">T\u00e9l\u00e9charger le d\u00e9pliant\u00a0<\/a><\/p>\r\n\r\n\r\n\r\n<p>&nbsp;<\/p>\r\n","protected":false},"excerpt":{"rendered":"<p>BUS Ligne 5332\u00a0(Dammartin-en-Serve &#8211;\u00a0Montfort-l&rsquo;Amaury) (Gare d\u2019Orgerus, lyc\u00e9e Jean-Monnet \u00e0 la Queue-lez-Yvelines)\u00a0Ligne 5332 Pour\u00a0les lyc\u00e9es de Rambouillet, se renseigner aupr\u00e8s du SITERR (Syndicat Intercommunal de Transports et d\u2019Equipements de la R\u00e9gion&#8230; <a href=\"https:\/\/saint-martin-des-champs78.eu\/index.php\/page-d-exemple\/transport\/\">Read more &raquo;<\/a><\/p>\n","protected":false},"author":1,"featured_media":0,"parent":2,"menu_order":4,"comment_status":"closed","ping_status":"closed","template":"","meta":{"footnotes":""},"class_list":["post-54","page","type-page","status-publish","hentry"],"_links":{"self":[{"href":"https:\/\/saint-martin-des-champs78.eu\/index.php\/wp-json\/wp\/v2\/pages\/54","targetHints":{"allow":["GET"]}}],"collection":[{"href":"https:\/\/saint-martin-des-champs78.eu\/index.php\/wp-json\/wp\/v2\/pages"}],"about":[{"href":"https:\/\/saint-martin-des-champs78.eu\/index.php\/wp-json\/wp\/v2\/types\/page"}],"author":[{"embeddable":true,"href":"https:\/\/saint-martin-des-champs78.eu\/index.php\/wp-json\/wp\/v2\/users\/1"}],"replies":[{"embeddable":true,"href":"https:\/\/saint-martin-des-champs78.eu\/index.php\/wp-json\/wp\/v2\/comments?post=54"}],"version-history":[{"count":27,"href":"https:\/\/saint-martin-des-champs78.eu\/index.php\/wp-json\/wp\/v2\/pages\/54\/revisions"}],"predecessor-version":[{"id":2171,"href":"https:\/\/saint-martin-des-champs78.eu\/index.php\/wp-json\/wp\/v2\/pages\/54\/revisions\/2171"}],"up":[{"embeddable":true,"href":"https:\/\/saint-martin-des-champs78.eu\/index.php\/wp-json\/wp\/v2\/pages\/2"}],"wp:attachment":[{"href":"https:\/\/saint-martin-des-champs78.eu\/index.php\/wp-json\/wp\/v2\/media?parent=54"}],"curies":[{"name":"wp","href":"https:\/\/api.w.org\/{rel}","templated":true}]}}