{"id":826,"date":"2021-05-11T21:20:18","date_gmt":"2021-05-11T19:20:18","guid":{"rendered":"http:\/\/saint-martin-des-champs78.eu\/?page_id=826"},"modified":"2021-05-11T21:59:56","modified_gmt":"2021-05-11T19:59:56","slug":"assainissement","status":"publish","type":"page","link":"https:\/\/saint-martin-des-champs78.eu\/index.php\/page-d-exemple\/assainissement\/","title":{"rendered":"Assainissement"},"content":{"rendered":"<p>Voir le Plan de zonage d\u2019assainissement de la commune<br \/>\n<a href=\"https:\/\/saint-martin-des-champs78.eu\/wp-content\/uploads\/2021\/05\/5.3.-Zonage-Assainissement.-PLU-StMartin-Version-APPROUVEE.pdf\" target=\"_blank\" rel=\"noopener\">Zonage Assainissement. PLU St Martin Version APPROUV\u00c9E<\/a><\/p>\n<p><em>Assainissement collectif :<\/em><br \/>\nLors de la vente d\u2019une propri\u00e9t\u00e9, il est obligatoire de faire contr\u00f4ler la conformit\u00e9 de l\u2019installation raccord\u00e9e \u00e0 l\u2019assainissement collectif.<br \/>\nS\u2019adresser \u00e0 la SAUR, 6 rue du petit clos, 78490 GALLUIS &#8211; T\u00e9l .01 77 78 80 01<\/p>\n<p><em>Assainissement non collectif :<\/em><br \/>\nLa gestion des assainissements non collectif est l&rsquo;une des comp\u00e9tences de Communaut\u00e9 de Communes du Pays Houdanais.<\/p>\n<p>Pour une nouvelle construction, une r\u00e9habilitation ou lors de la vente d&rsquo;un immeuble, vous pouvez t\u00e9l\u00e9charger les documents \u00e0 adresser au SPANC Service Public d\u2019Assainissement Non Collectif, C.C. du Pays Houdanais, 22 porte d\u2019Epernon, 78550 MAULETTE : sur le site de la CCPH, rubrique Pr\u00e9server l&rsquo;Environnement \u00a0<a href=\"https:\/\/www.cc-payshoudanais.fr\/fr\/preserver-l-environnement\/le-spanc\/missions-du-spanc.html\" target=\"_blank\" rel=\"noopener\">Missions du SPANC &#8211; CCPH (cc-payshoudanais.fr)<\/a><\/p>\n","protected":false},"excerpt":{"rendered":"<p>Voir le Plan de zonage d\u2019assainissement de la commune Zonage Assainissement. PLU St Martin Version APPROUV\u00c9E Assainissement collectif : Lors de la vente d\u2019une propri\u00e9t\u00e9, il est obligatoire de faire&#8230; <a href=\"https:\/\/saint-martin-des-champs78.eu\/index.php\/page-d-exemple\/assainissement\/\">Read more &raquo;<\/a><\/p>\n","protected":false},"author":1,"featured_media":0,"parent":2,"menu_order":5,"comment_status":"closed","ping_status":"closed","template":"","meta":{"footnotes":""},"class_list":["post-826","page","type-page","status-publish","hentry"],"_links":{"self":[{"href":"https:\/\/saint-martin-des-champs78.eu\/index.php\/wp-json\/wp\/v2\/pages\/826","targetHints":{"allow":["GET"]}}],"collection":[{"href":"https:\/\/saint-martin-des-champs78.eu\/index.php\/wp-json\/wp\/v2\/pages"}],"about":[{"href":"https:\/\/saint-martin-des-champs78.eu\/index.php\/wp-json\/wp\/v2\/types\/page"}],"author":[{"embeddable":true,"href":"https:\/\/saint-martin-des-champs78.eu\/index.php\/wp-json\/wp\/v2\/users\/1"}],"replies":[{"embeddable":true,"href":"https:\/\/saint-martin-des-champs78.eu\/index.php\/wp-json\/wp\/v2\/comments?post=826"}],"version-history":[{"count":6,"href":"https:\/\/saint-martin-des-champs78.eu\/index.php\/wp-json\/wp\/v2\/pages\/826\/revisions"}],"predecessor-version":[{"id":835,"href":"https:\/\/saint-martin-des-champs78.eu\/index.php\/wp-json\/wp\/v2\/pages\/826\/revisions\/835"}],"up":[{"embeddable":true,"href":"https:\/\/saint-martin-des-champs78.eu\/index.php\/wp-json\/wp\/v2\/pages\/2"}],"wp:attachment":[{"href":"https:\/\/saint-martin-des-champs78.eu\/index.php\/wp-json\/wp\/v2\/media?parent=826"}],"curies":[{"name":"wp","href":"https:\/\/api.w.org\/{rel}","templated":true}]}}