{"id":842,"date":"2021-05-16T18:26:18","date_gmt":"2021-05-16T16:26:18","guid":{"rendered":"http:\/\/saint-martin-des-champs78.eu\/?page_id=842"},"modified":"2026-03-27T22:18:53","modified_gmt":"2026-03-27T21:18:53","slug":"urbanisme","status":"publish","type":"page","link":"https:\/\/saint-martin-des-champs78.eu\/index.php\/urbanisme\/","title":{"rendered":"Urbanisme"},"content":{"rendered":"<p><strong>Les dossiers de demande d\u2019urbanisme sont \u00e0 d\u00e9poser aupr\u00e8s du secr\u00e9tariat de mairie en <u>quatre exemplaires<\/u>. <\/strong><\/p>\n<p><span style=\"color: #ff6600;\"><strong><u>IMPRIMES DE DEMANDES D\u2019URBANISME<br \/>\n<\/u><\/strong><\/span><strong>Pour t\u00e9l\u00e9charger les documents d&rsquo;urbanisme<\/strong> (d\u00e9claration pr\u00e9alable, permis de construire etc&#8230;) et pour trouver les informations g\u00e9n\u00e9rales concernant ces demandes, rendez-vous sur le site de l\u2019Administration Fran\u00e7aise : <strong><em><a href=\"https:\/\/www.service-public.fr\/particuliers\/vosdroits\/N319\" target=\"_blank\" rel=\"noopener\">https:\/\/www.service-public.fr\/particuliers\/vosdroits\/N319<\/a><\/em><\/strong><\/p>\n<p>&nbsp;<\/p>\n","protected":false},"excerpt":{"rendered":"<p>Les dossiers de demande d\u2019urbanisme sont \u00e0 d\u00e9poser aupr\u00e8s du secr\u00e9tariat de mairie en quatre exemplaires. IMPRIMES DE DEMANDES D\u2019URBANISME Pour t\u00e9l\u00e9charger les documents d&rsquo;urbanisme (d\u00e9claration pr\u00e9alable, permis de construire&#8230; <a href=\"https:\/\/saint-martin-des-champs78.eu\/index.php\/urbanisme\/\">Read more &raquo;<\/a><\/p>\n","protected":false},"author":1,"featured_media":0,"parent":0,"menu_order":0,"comment_status":"closed","ping_status":"closed","template":"","meta":{"footnotes":""},"class_list":["post-842","page","type-page","status-publish","hentry"],"_links":{"self":[{"href":"https:\/\/saint-martin-des-champs78.eu\/index.php\/wp-json\/wp\/v2\/pages\/842","targetHints":{"allow":["GET"]}}],"collection":[{"href":"https:\/\/saint-martin-des-champs78.eu\/index.php\/wp-json\/wp\/v2\/pages"}],"about":[{"href":"https:\/\/saint-martin-des-champs78.eu\/index.php\/wp-json\/wp\/v2\/types\/page"}],"author":[{"embeddable":true,"href":"https:\/\/saint-martin-des-champs78.eu\/index.php\/wp-json\/wp\/v2\/users\/1"}],"replies":[{"embeddable":true,"href":"https:\/\/saint-martin-des-champs78.eu\/index.php\/wp-json\/wp\/v2\/comments?post=842"}],"version-history":[{"count":9,"href":"https:\/\/saint-martin-des-champs78.eu\/index.php\/wp-json\/wp\/v2\/pages\/842\/revisions"}],"predecessor-version":[{"id":2131,"href":"https:\/\/saint-martin-des-champs78.eu\/index.php\/wp-json\/wp\/v2\/pages\/842\/revisions\/2131"}],"wp:attachment":[{"href":"https:\/\/saint-martin-des-champs78.eu\/index.php\/wp-json\/wp\/v2\/media?parent=842"}],"curies":[{"name":"wp","href":"https:\/\/api.w.org\/{rel}","templated":true}]}}