{"id":89,"date":"2021-03-07T10:32:36","date_gmt":"2021-03-07T09:32:36","guid":{"rendered":"http:\/\/saint-martin-des-champs78.eu\/?page_id=89"},"modified":"2026-03-28T17:29:55","modified_gmt":"2026-03-28T16:29:55","slug":"restauration-scolaire","status":"publish","type":"page","link":"https:\/\/saint-martin-des-champs78.eu\/index.php\/enfance-et-vie-scolaire\/restauration-scolaire\/","title":{"rendered":"Restauration scolaire"},"content":{"rendered":"\r\n<p>La restauration scolaire est assur\u00e9e dans la salle polyvalente d\u2019Osmoy, 18 Chemin du Moutier pour l&rsquo;\u00e9cole d&rsquo;Osmoy et dans la salle polyvalente de Saint-Martin des Champs, 8 chemin de Fontenelle pour l&rsquo;\u00e9cole \u00e9l\u00e8mentaire de Saint-Martin des Champs.<br \/><br \/><span style=\"color: #ff6600;\"><strong>INSCRIPTION<\/strong><\/span><br \/>Pour b\u00e9n\u00e9ficier de ce service de restauration, il sera n\u00e9cessaire de vous inscrire pour r\u00e9server les repas sur le site internet\u00a0: <a href=\"https:\/\/gestion-cantine.com\/FR\/titulaire_login.php\" target=\"_blank\" rel=\"noopener\">http:\/\/gestion-cantine.com\/<\/a>\u00a0<\/p>\r\n<p>Vous pourrez r\u00e9server les repas depuis votre ordinateur, tablette ou smartphone pour les p\u00e9riodes de votre choix soit :<\/p>\r\n<ul>\r\n<li>Annuellement<\/li>\r\n<li>Trimestriellement<\/li>\r\n<li>Mensuellement<\/li>\r\n<li>Occasionnellement imp\u00e9rativement 48 heures \u00e0 l\u2019avance.<br \/><br \/><\/li>\r\n<li>Facturation mensuelle d\u00e9mat\u00e9rialis\u00e9e<\/li>\r\n<li>Email de rappel<\/li>\r\n<li>Historique des factures<\/li>\r\n<li>Paiement possible par pr\u00e9l\u00e8vement automatique<\/li>\r\n<\/ul>\r\n<p>Vous pourrez aussi annuler les repas uniquement 48 heures \u00e0 l\u2019avance.<\/p>\r\n<div>\r\n<p>Pour pouvoir b\u00e9n\u00e9ficier de la r\u00e9servation sur le site en ligne, (seul moyen de r\u00e9servation possible), vous devez nous fournir par retour de mail\u00a0(<a href=\"mailto:mairie@osmoy78.eu\">mairie@osmoy78.eu<\/a>) ou (<a href=\"mailto:mairiesm@orange.fr\" target=\"_blank\" rel=\"noopener\">mairiesm@orange.fr<\/a>)\u00a0ou en mairie de chaque \u00e9cole concern\u00e9e,<span class=\"apple-converted-space\">\u00a0<\/span><a href=\"https:\/\/saint-martin-des-champs78.eu\/wp-content\/uploads\/2021\/10\/Bulletin-dinscription-2021-2022.pdf\" target=\"_blank\" rel=\"noopener\">le formulaire<\/a><span class=\"apple-converted-space\">\u00a0d\u00fbment compl\u00e9t\u00e9 accompagn\u00e9 de la\u00a0<a href=\"https:\/\/saint-martin-des-champs78.eu\/wp-content\/uploads\/2021\/06\/Fiche-durgence-mairie-parents-2021-2022.pdf\" target=\"_blank\" rel=\"noopener\">fiche d&rsquo;urgence<\/a>\u00a0et du\u00a0<a href=\"https:\/\/saint-martin-des-champs78.eu\/wp-content\/uploads\/2021\/06\/Reglement-interieur-juin-2021.pdf\" target=\"_blank\" rel=\"noopener\">r\u00e8glement int\u00e9rieur<\/a>\u00a0sign\u00e9.<\/span><\/p>\r\n<\/div>\r\n<p><strong><span style=\"color: #ff6600;\">TARIFS<\/span><br \/><\/strong>Le prix du repas est de 5,00 \u20ac<br \/>En cas d\u2019inscription occasionnelle, le repas est de 5,75 \u20ac<br \/><br \/>Sur d\u00e9cision des Conseils Municipaux d&rsquo;Osmoy et de Saint-Martin des Champs du 28 septembre 2021, un prix de repas de secours, pour un enfant pr\u00e9sent \u00e0 la cantine alors qu&rsquo;il n&rsquo;y a pas \u00e9t\u00e9 inscrit au pr\u00e9alable, a \u00e9t\u00e9 vot\u00e9 au tarif de 10 \u20ac<br \/><br \/>Autre tarifs \u00e0 consulter sur la\u00a0D\u00e9lib\u00e9ration CM 03-12-2020 (tarifs) : <a href=\"https:\/\/saint-martin-des-champs78.eu\/wp-content\/uploads\/2021\/03\/5-CM-03-12-2020.pdf\" target=\"_blank\" rel=\"noreferrer noopener\">Cliquez ici<br \/><\/a><br \/>La facturation est d\u00e9mat\u00e9rialis\u00e9e mensuellement et le paiement est possible par pr\u00e9l\u00e8vement automatique.<\/p>\r\n\r\n\r\n\r\n\r\n\r\n\r\n\r\n\r\n\r\n<p><strong>R\u00e8glement int\u00e9rieur en vigueur :<\/strong><em>\u00a0<\/em><a href=\"https:\/\/saint-martin-des-champs78.eu\/wp-content\/uploads\/2021\/06\/Reglement-interieur-juin-2021.pdf\" target=\"_blank\" rel=\"noreferrer noopener\">Cliquez ici<\/a><\/p>\r\n<p>&nbsp;<\/p>\r\n","protected":false},"excerpt":{"rendered":"<p>La restauration scolaire est assur\u00e9e dans la salle polyvalente d\u2019Osmoy, 18 Chemin du Moutier pour l&rsquo;\u00e9cole d&rsquo;Osmoy et dans la salle polyvalente de Saint-Martin des Champs, 8 chemin de Fontenelle&#8230; <a href=\"https:\/\/saint-martin-des-champs78.eu\/index.php\/enfance-et-vie-scolaire\/restauration-scolaire\/\">Read more &raquo;<\/a><\/p>\n","protected":false},"author":1,"featured_media":0,"parent":80,"menu_order":3,"comment_status":"closed","ping_status":"closed","template":"","meta":{"footnotes":""},"class_list":["post-89","page","type-page","status-publish","hentry"],"_links":{"self":[{"href":"https:\/\/saint-martin-des-champs78.eu\/index.php\/wp-json\/wp\/v2\/pages\/89","targetHints":{"allow":["GET"]}}],"collection":[{"href":"https:\/\/saint-martin-des-champs78.eu\/index.php\/wp-json\/wp\/v2\/pages"}],"about":[{"href":"https:\/\/saint-martin-des-champs78.eu\/index.php\/wp-json\/wp\/v2\/types\/page"}],"author":[{"embeddable":true,"href":"https:\/\/saint-martin-des-champs78.eu\/index.php\/wp-json\/wp\/v2\/users\/1"}],"replies":[{"embeddable":true,"href":"https:\/\/saint-martin-des-champs78.eu\/index.php\/wp-json\/wp\/v2\/comments?post=89"}],"version-history":[{"count":21,"href":"https:\/\/saint-martin-des-champs78.eu\/index.php\/wp-json\/wp\/v2\/pages\/89\/revisions"}],"predecessor-version":[{"id":2164,"href":"https:\/\/saint-martin-des-champs78.eu\/index.php\/wp-json\/wp\/v2\/pages\/89\/revisions\/2164"}],"up":[{"embeddable":true,"href":"https:\/\/saint-martin-des-champs78.eu\/index.php\/wp-json\/wp\/v2\/pages\/80"}],"wp:attachment":[{"href":"https:\/\/saint-martin-des-champs78.eu\/index.php\/wp-json\/wp\/v2\/media?parent=89"}],"curies":[{"name":"wp","href":"https:\/\/api.w.org\/{rel}","templated":true}]}}